{"id":972,"date":"2018-01-05T13:40:09","date_gmt":"2018-01-05T13:40:09","guid":{"rendered":"http:\/\/kajulacakes.cz\/?page_id=972"},"modified":"2024-01-04T16:54:05","modified_gmt":"2024-01-04T16:54:05","slug":"nabidka","status":"publish","type":"page","link":"https:\/\/kajulacakes.cz\/?page_id=972","title":{"rendered":"Nab\u00eddka &#8211; n\u00e1pln\u011b &#8211; obchodn\u00ed podm\u00ednky"},"content":{"rendered":"<p>R\u00e1di p\u0159iprav\u00edme dorty pro nejr\u016fzn\u011bj\u0161\u00ed p\u0159\u00edle\u017eitosti: Narozeniny, svatby, k\u0159tiny, oslavy a dal\u0161\u00ed ud\u00e1losti.<\/p>\n<p>Nab\u00edz\u00edme:<\/p>\n<ul>\n<li>dorty<\/li>\n<li>cupcakes<\/li>\n<li>makronky<\/li>\n<li>semifreda<\/li>\n<li>cookies<\/li>\n<li>panacoty<\/li>\n<li>cheesecake<\/li>\n<li>kol\u00e1\u010de<\/li>\n<li>modern\u00ed z\u00e1kusky<\/li>\n<\/ul>\n<p>Nej\u010dast\u011bj\u0161\u00ed n\u00e1pln\u011b:<\/p>\n<p>Vl\u00e1\u010dn\u00fd \u010dokol\u00e1dov\u00fd korpus s tvarohovou \u0161leha\u010dkou dopln\u011bn\u00fd ovocem( maliny bor\u016fvky)<\/p>\n<p>Red velvet s mascarpone a smetanou dopln\u011bn\u00fd malinami<\/p>\n<p>Vanilkov\u00fd pi\u0161kot s mascarpone a malinami<\/p>\n<p>White velvet s malinov\u00fdm mascarpone a ovocem ( maliny, bor\u016fvky)<\/p>\n<p>\u010cokol\u00e1dov\u00fd vl\u00e1\u010dn\u00fd korpus s pa\u0159\u00ed\u017esk\u00fdm kr\u00e9mem<\/p>\n<p>\u010cokol\u00e1dov\u00fd pi\u0161kot s \u010dokol\u00e1dovou \u0161leha\u010dkou<\/p>\n<p>Mrkvovo o\u0159echov\u00fd korpus s philadeplhia kr\u00e9mem s citrusy<\/p>\n<p>Vanilkov\u00fd pi\u0161kot s mascarpone a slan\u00fdm karamelem<\/p>\n<p>Vanilkov\u00fd jemn\u00fd pi\u0161kot s mangovou \u0161leha\u010dkou a bor\u016fvkami<\/p>\n<p>&nbsp;<\/p>\n<p>Korpusy:<\/p>\n<p>Vanilkov\u00fd pi\u0161kot<\/p>\n<p>\u010cokol\u00e1dov\u00fd vl\u00e1\u010dn\u00fd korpus<\/p>\n<p>Red Velvet<\/p>\n<p>O\u0159echov\u00fd ( vla\u0161sk\u00e9 o\u0159echy)<\/p>\n<p>Mrkvovo o\u0159echov\u00fd<\/p>\n<p>M\u00e1slovo citronov\u00fd<\/p>\n<p>Mandlov\u00fd pi\u0161kot<\/p>\n<p>Kokosovo mandlov\u00fd korpus<\/p>\n<p>Kr\u00e9my:<\/p>\n<p>Vanilkov\u00fd m\u00e1slovo pudinkov\u00fd kr\u00e9m<\/p>\n<p>\u010cokol\u00e1dov\u00fd pa\u0159\u00ed\u017esk\u00fd kr\u00e9m va\u0159en\u00fd<\/p>\n<p>Mascarpone se smetanou<\/p>\n<p>Tvarohov\u00e1 \u0161leha\u010dka<\/p>\n<p>Mascarpone s lemon curdem<\/p>\n<p>Slan\u00fd karamel s mascarpone<\/p>\n<p>Mangov\u00e1 \u0161leha\u010dka<\/p>\n<p>\u010cokol\u00e1dov\u00e1 \u0161leha\u010dka<\/p>\n<p>Ovoce: maliny, bor\u016fvky, vi\u0161n\u011b (do zak\u00e1zkov\u00fdch\u00a0 dort\u016f d\u00e1v\u00e1m jahody pouze na Va\u0161e p\u0159\u00e1n\u00ed s rizikem jejich rychl\u00e9 kazivosti)<\/p>\n<p>D\u017eemy: malinov\u00fd, bor\u016fvkov\u00fd, vi\u0161\u0148ov\u00fd<\/p>\n<p>Potah: Smartflex Velvet &#8211; mandlov\u00fd fond\u00e1n<\/p>\n<p>Zru\u0161en\u00ed dortu: dort lze zru\u0161it nejpozd\u011bji 7 dn\u00ed p\u0159ed term\u00ednem p\u0159ed\u00e1n\u00ed, pot\u00e9 ji\u017e nen\u00ed mo\u017en\u00e9 dort zru\u0161it, ani d\u011blat na dortu zm\u011bny.\u00a0 Z\u00e1loha je v p\u0159\u00edpad\u011b zru\u0161en\u00ed dortu nevratn\u00e1, av\u0161ak p\u0159i \u010dasn\u00e9m p\u0159esunu dortu ( minim\u00e1ln\u011b 14 dn\u00ed p\u0159edem)\u00a0 lze z\u00e1lohu \u010derpat na p\u0159\u00edst\u00ed objedn\u00e1vce s realizac\u00ed do 6 m\u011bs\u00edc\u016f od term\u00ednu zru\u0161en\u00ed.<\/p>\n","protected":false},"excerpt":{"rendered":"<p>R\u00e1di p\u0159iprav\u00edme dorty pro nejr\u016fzn\u011bj\u0161\u00ed p\u0159\u00edle\u017eitosti: Narozeniny, svatby, k\u0159tiny, oslavy a dal\u0161\u00ed ud\u00e1losti. Nab\u00edz\u00edme: dorty cupcakes makronky semifreda cookies panacoty cheesecake kol\u00e1\u010de modern\u00ed z\u00e1kusky Nej\u010dast\u011bj\u0161\u00ed n\u00e1pln\u011b: Vl\u00e1\u010dn\u00fd \u010dokol\u00e1dov\u00fd korpus s tvarohovou \u0161leha\u010dkou dopln\u011bn\u00fd ovocem( maliny bor\u016fvky) Red velvet s mascarpone a smetanou dopln\u011bn\u00fd malinami Vanilkov\u00fd pi\u0161kot s mascarpone a malinami &hellip; <\/p>\n","protected":false},"author":1,"featured_media":0,"parent":0,"menu_order":0,"comment_status":"closed","ping_status":"closed","template":"","meta":{"footnotes":""},"_links":{"self":[{"href":"https:\/\/kajulacakes.cz\/index.php?rest_route=\/wp\/v2\/pages\/972"}],"collection":[{"href":"https:\/\/kajulacakes.cz\/index.php?rest_route=\/wp\/v2\/pages"}],"about":[{"href":"https:\/\/kajulacakes.cz\/index.php?rest_route=\/wp\/v2\/types\/page"}],"author":[{"embeddable":true,"href":"https:\/\/kajulacakes.cz\/index.php?rest_route=\/wp\/v2\/users\/1"}],"replies":[{"embeddable":true,"href":"https:\/\/kajulacakes.cz\/index.php?rest_route=%2Fwp%2Fv2%2Fcomments&post=972"}],"version-history":[{"count":16,"href":"https:\/\/kajulacakes.cz\/index.php?rest_route=\/wp\/v2\/pages\/972\/revisions"}],"predecessor-version":[{"id":1919,"href":"https:\/\/kajulacakes.cz\/index.php?rest_route=\/wp\/v2\/pages\/972\/revisions\/1919"}],"wp:attachment":[{"href":"https:\/\/kajulacakes.cz\/index.php?rest_route=%2Fwp%2Fv2%2Fmedia&parent=972"}],"curies":[{"name":"wp","href":"https:\/\/api.w.org\/{rel}","templated":true}]}}