{"id":53,"date":"2017-12-31T11:10:07","date_gmt":"2017-12-31T11:10:07","guid":{"rendered":"http:\/\/kajulacakes.cz\/?page_id=53"},"modified":"2023-09-19T17:20:07","modified_gmt":"2023-09-19T17:20:07","slug":"kontakt","status":"publish","type":"page","link":"https:\/\/kajulacakes.cz\/?page_id=53","title":{"rendered":"Kontakt"},"content":{"rendered":"\r\n<p>&nbsp;<\/p>\r\n\r\n<p style=\"text-align: center;\"><strong>Kde m\u011b najdete?<\/strong><\/p>\r\n<p>&nbsp;<\/p>\r\n<p>Kajula cakes &#8211; Sladk\u00e1 z\u00e1le\u017eitost<\/p>\r\n<p><em>Franti\u0161kovsk\u00e1 130\/14\u00a0 \u00a0 \u00a0 \u00a0 \u00a0 \u00a0 \u00a0 \u00a0 \u00a0 \u00a0 \u00a0 \u00a0 \u00a0 \u00a0 \u00a0 \u00a0 \u00a0 \u00a0 \u00a0 \u00a0 \u00a0 \u00a0 \u00a0 \u00a0 \u00a0 \u00a0 \u00a0 \u00a0 \u00a0 \u00a0 \u00a0 \u00a0 \u00a0 \u00a0 \u00a0 \u00a0 \u00a0 \u00a0 \u00a0 \u00a0 \u00a0 \u00a0 \u00a0 \u00a0 \u00a0 \u00a0\u00a0<\/em><\/p>\r\n<p><em>Liberec\u00a0 \u00a0 \u00a0 \u00a0 \u00a0 \u00a0 \u00a0 \u00a0 \u00a0 \u00a0 \u00a0 \u00a0 \u00a0 \u00a0 \u00a0 \u00a0 \u00a0 \u00a0 \u00a0 \u00a0 \u00a0 \u00a0 \u00a0 \u00a0 \u00a0 \u00a0 \u00a0 \u00a0 \u00a0 \u00a0 \u00a0 \u00a0 \u00a0 \u00a0 \u00a0 \u00a0 \u00a0 \u00a0 \u00a0 \u00a0 \u00a0 \u00a0 \u00a0 \u00a0 \u00a0 \u00a0 \u00a0 \u00a0 \u00a0 \u00a0 \u00a0 \u00a0 \u00a0 \u00a0 \u00a0 \u00a0 \u00a0 \u00a0<\/em><\/p>\r\n<p><strong>Telefonicky:<\/strong><\/p>\r\n<p><em>+420 739 626 323\u00a0 \u00a0 \u00a0 \u00a0 \u00a0 \u00a0<\/em><\/p>\r\n<p><em>studio nem\u00e1 pevnou otev\u00edrac\u00ed dobu, v\u0161e je na objedn\u00e1vku \ud83d\ude42\u00a0<\/em><\/p>\r\n<p><em>e-shop na\u00a0 dorty, boxy minicupcakes a p\u00e1te\u010dn\u00ed sladk\u00e9 krabi\u010dky : <a href=\"http:\/\/www.kajulacakes.sebou.cz\">www.kajulacakes.sebou.cz<\/a><\/em><\/p>\r\n<p><em>zak\u00e1zkov\u00e9 dorty pros\u00edm domlouvejte individu\u00e1ln\u011b s dostate\u010dn\u00fdm p\u0159edstihem \ud83d\ude42\u00a0 \u00a0 \u00a0 \u00a0 \u00a0 \u00a0 \u00a0 \u00a0 \u00a0 \u00a0 \u00a0 \u00a0 \u00a0 \u00a0 \u00a0 \u00a0 \u00a0 \u00a0 \u00a0 \u00a0 \u00a0 \u00a0 \u00a0 \u00a0 \u00a0 \u00a0 \u00a0 \u00a0 \u00a0 \u00a0 \u00a0 \u00a0 \u00a0 \u00a0 \u00a0 \u00a0 \u00a0 \u00a0 \u00a0 \u00a0 \u00a0 \u00a0 \u00a0 \u00a0 \u00a0 \u00a0 \u00a0 \u00a0 \u00a0 \u00a0 \u00a0 \u00a0 \u00a0 \u00a0 \u00a0 \u00a0 \u00a0<\/em><\/p>\r\n<p><strong>mail: <\/strong><\/p>\r\n<p><em>kajula.cakes@gmail.com\u00a0 \u00a0 \u00a0 \u00a0 \u00a0 \u00a0 \u00a0 \u00a0 \u00a0 \u00a0 \u00a0 \u00a0 \u00a0 \u00a0 \u00a0 \u00a0 \u00a0 \u00a0 \u00a0 \u00a0 \u00a0 \u00a0 \u00a0 \u00a0 \u00a0 \u00a0 \u00a0 \u00a0 \u00a0 \u00a0 \u00a0 \u00a0 \u00a0 \u00a0 \u00a0 \u00a0 \u00a0 \u00a0 \u00a0 \u00a0 \u00a0 \u00a0 \u00a0 \u00a0 \u00a0 \u00a0 \u00a0 \u00a0 \u00a0 \u00a0 \u00a0 \u00a0 \u00a0 \u00a0 Facebook:\u00a0\u00a0 \u00a0 \u00a0 <a href=\"https:\/\/www.facebook.com\/kajula.cakes\/\"><img loading=\"lazy\" decoding=\"async\" class=\"alignnone wp-image-433\" src=\"https:\/\/kajulacakes.cz\/wp-content\/uploads\/2018\/01\/391259-facebook-logo-150x150.jpg\" alt=\"\" width=\"25\" height=\"25\" srcset=\"https:\/\/kajulacakes.cz\/wp-content\/uploads\/2018\/01\/391259-facebook-logo-150x150.jpg 150w, https:\/\/kajulacakes.cz\/wp-content\/uploads\/2018\/01\/391259-facebook-logo-60x60.jpg 60w, https:\/\/kajulacakes.cz\/wp-content\/uploads\/2018\/01\/391259-facebook-logo-235x235.jpg 235w, https:\/\/kajulacakes.cz\/wp-content\/uploads\/2018\/01\/391259-facebook-logo-255x255.jpg 255w, https:\/\/kajulacakes.cz\/wp-content\/uploads\/2018\/01\/391259-facebook-logo.jpg 275w\" sizes=\"(max-width: 25px) 100vw, 25px\" \/><\/a>\u00a0<\/em><\/p>\r\n<p>I\u010cO: 71205748<\/p>","protected":false},"excerpt":{"rendered":"<p>&nbsp; Kde m\u011b najdete? &nbsp; Kajula cakes &#8211; Sladk\u00e1 z\u00e1le\u017eitost Franti\u0161kovsk\u00e1 130\/14\u00a0 \u00a0 \u00a0 \u00a0 \u00a0 \u00a0 \u00a0 \u00a0 \u00a0 \u00a0 \u00a0 \u00a0 \u00a0 \u00a0 \u00a0 \u00a0 \u00a0 \u00a0 \u00a0 \u00a0 \u00a0 \u00a0 \u00a0 \u00a0 \u00a0 \u00a0 \u00a0 \u00a0 \u00a0 \u00a0 \u00a0 \u00a0 \u00a0 \u00a0 \u00a0 \u00a0 \u00a0 \u00a0 \u00a0 &hellip; <\/p>\n","protected":false},"author":1,"featured_media":0,"parent":0,"menu_order":0,"comment_status":"closed","ping_status":"closed","template":"","meta":{"footnotes":""},"_links":{"self":[{"href":"https:\/\/kajulacakes.cz\/index.php?rest_route=\/wp\/v2\/pages\/53"}],"collection":[{"href":"https:\/\/kajulacakes.cz\/index.php?rest_route=\/wp\/v2\/pages"}],"about":[{"href":"https:\/\/kajulacakes.cz\/index.php?rest_route=\/wp\/v2\/types\/page"}],"author":[{"embeddable":true,"href":"https:\/\/kajulacakes.cz\/index.php?rest_route=\/wp\/v2\/users\/1"}],"replies":[{"embeddable":true,"href":"https:\/\/kajulacakes.cz\/index.php?rest_route=%2Fwp%2Fv2%2Fcomments&post=53"}],"version-history":[{"count":32,"href":"https:\/\/kajulacakes.cz\/index.php?rest_route=\/wp\/v2\/pages\/53\/revisions"}],"predecessor-version":[{"id":1903,"href":"https:\/\/kajulacakes.cz\/index.php?rest_route=\/wp\/v2\/pages\/53\/revisions\/1903"}],"wp:attachment":[{"href":"https:\/\/kajulacakes.cz\/index.php?rest_route=%2Fwp%2Fv2%2Fmedia&parent=53"}],"curies":[{"name":"wp","href":"https:\/\/api.w.org\/{rel}","templated":true}]}}