{"id":398,"date":"2018-01-01T09:37:07","date_gmt":"2018-01-01T09:37:07","guid":{"rendered":"http:\/\/kajulacakes.cz\/?page_id=398"},"modified":"2021-12-15T20:09:07","modified_gmt":"2021-12-15T20:09:07","slug":"studio","status":"publish","type":"page","link":"https:\/\/kajulacakes.cz\/?page_id=398","title":{"rendered":"Studio"},"content":{"rendered":"\n<p><\/p>\n\n\n<p style=\"text-align: center;\"><em>Studio je na nov\u00e9 adrese od\u00a0 11.10. 2018.\u00a0 Dortov\u00e9 studio Kajula cakes bylo otev\u0159eno 1.12.2016.<\/em><\/p>\n<p>Kav\u00e1rna\u00a0<\/p>\n<hr \/>\n<p><a href=\"https:\/\/kajulacakes.cz\/wp-content\/uploads\/2020\/09\/DSC_1727-scaled.jpg\"><img loading=\"lazy\" decoding=\"async\" class=\"alignnone size-medium wp-image-1709\" src=\"https:\/\/kajulacakes.cz\/wp-content\/uploads\/2020\/09\/DSC_1727-209x300.jpg\" alt=\"\" width=\"209\" height=\"300\" srcset=\"https:\/\/kajulacakes.cz\/wp-content\/uploads\/2020\/09\/DSC_1727-209x300.jpg 209w, https:\/\/kajulacakes.cz\/wp-content\/uploads\/2020\/09\/DSC_1727-713x1024.jpg 713w, https:\/\/kajulacakes.cz\/wp-content\/uploads\/2020\/09\/DSC_1727-768x1103.jpg 768w, https:\/\/kajulacakes.cz\/wp-content\/uploads\/2020\/09\/DSC_1727-1070x1536.jpg 1070w, https:\/\/kajulacakes.cz\/wp-content\/uploads\/2020\/09\/DSC_1727-1426x2048.jpg 1426w, https:\/\/kajulacakes.cz\/wp-content\/uploads\/2020\/09\/DSC_1727-scaled.jpg 1783w\" sizes=\"(max-width: 209px) 100vw, 209px\" \/><\/a><a href=\"https:\/\/kajulacakes.cz\/wp-content\/uploads\/2020\/09\/DSC_1836-scaled.jpg\"><img loading=\"lazy\" decoding=\"async\" class=\"alignnone size-medium wp-image-1712\" src=\"https:\/\/kajulacakes.cz\/wp-content\/uploads\/2020\/09\/DSC_1836-300x213.jpg\" alt=\"\" width=\"300\" height=\"213\" srcset=\"https:\/\/kajulacakes.cz\/wp-content\/uploads\/2020\/09\/DSC_1836-300x213.jpg 300w, https:\/\/kajulacakes.cz\/wp-content\/uploads\/2020\/09\/DSC_1836-1024x729.jpg 1024w, https:\/\/kajulacakes.cz\/wp-content\/uploads\/2020\/09\/DSC_1836-768x546.jpg 768w, https:\/\/kajulacakes.cz\/wp-content\/uploads\/2020\/09\/DSC_1836-1536x1093.jpg 1536w, https:\/\/kajulacakes.cz\/wp-content\/uploads\/2020\/09\/DSC_1836-2048x1457.jpg 2048w\" sizes=\"(max-width: 300px) 100vw, 300px\" \/><\/a><a href=\"https:\/\/kajulacakes.cz\/wp-content\/uploads\/2020\/09\/DSC_1686-scaled.jpg\"><img loading=\"lazy\" decoding=\"async\" class=\"alignnone size-medium wp-image-1704\" src=\"https:\/\/kajulacakes.cz\/wp-content\/uploads\/2020\/09\/DSC_1686-300x201.jpg\" alt=\"\" width=\"300\" height=\"201\" srcset=\"https:\/\/kajulacakes.cz\/wp-content\/uploads\/2020\/09\/DSC_1686-300x201.jpg 300w, https:\/\/kajulacakes.cz\/wp-content\/uploads\/2020\/09\/DSC_1686-1024x684.jpg 1024w, https:\/\/kajulacakes.cz\/wp-content\/uploads\/2020\/09\/DSC_1686-768x513.jpg 768w, https:\/\/kajulacakes.cz\/wp-content\/uploads\/2020\/09\/DSC_1686-1536x1027.jpg 1536w, https:\/\/kajulacakes.cz\/wp-content\/uploads\/2020\/09\/DSC_1686-2048x1369.jpg 2048w, https:\/\/kajulacakes.cz\/wp-content\/uploads\/2020\/09\/DSC_1686-600x400.jpg 600w\" sizes=\"(max-width: 300px) 100vw, 300px\" \/><\/a><\/p>\n<hr \/>\n<p><a href=\"https:\/\/kajulacakes.cz\/wp-content\/uploads\/2018\/10\/IMG_20181010_203836.jpg\"><img loading=\"lazy\" decoding=\"async\" class=\"size-medium wp-image-1436\" src=\"https:\/\/kajulacakes.cz\/wp-content\/uploads\/2018\/10\/IMG_20181010_203836-225x300.jpg\" alt=\"\" width=\"225\" height=\"300\" srcset=\"https:\/\/kajulacakes.cz\/wp-content\/uploads\/2018\/10\/IMG_20181010_203836-225x300.jpg 225w, https:\/\/kajulacakes.cz\/wp-content\/uploads\/2018\/10\/IMG_20181010_203836-768x1024.jpg 768w\" sizes=\"(max-width: 225px) 100vw, 225px\" \/><\/a><\/p>\n<p style=\"text-align: center;\"><a href=\"https:\/\/kajulacakes.cz\/wp-content\/uploads\/2018\/01\/15178093_1478324312182121_7349707007493749692_n.jpg\"><img loading=\"lazy\" decoding=\"async\" class=\"size-medium wp-image-399 aligncenter\" src=\"https:\/\/kajulacakes.cz\/wp-content\/uploads\/2018\/01\/15178093_1478324312182121_7349707007493749692_n-300x300.jpg\" alt=\"\" width=\"300\" height=\"300\" srcset=\"https:\/\/kajulacakes.cz\/wp-content\/uploads\/2018\/01\/15178093_1478324312182121_7349707007493749692_n-300x300.jpg 300w, https:\/\/kajulacakes.cz\/wp-content\/uploads\/2018\/01\/15178093_1478324312182121_7349707007493749692_n-150x150.jpg 150w, https:\/\/kajulacakes.cz\/wp-content\/uploads\/2018\/01\/15178093_1478324312182121_7349707007493749692_n-768x768.jpg 768w, https:\/\/kajulacakes.cz\/wp-content\/uploads\/2018\/01\/15178093_1478324312182121_7349707007493749692_n-60x60.jpg 60w, https:\/\/kajulacakes.cz\/wp-content\/uploads\/2018\/01\/15178093_1478324312182121_7349707007493749692_n-235x235.jpg 235w, https:\/\/kajulacakes.cz\/wp-content\/uploads\/2018\/01\/15178093_1478324312182121_7349707007493749692_n-255x255.jpg 255w, https:\/\/kajulacakes.cz\/wp-content\/uploads\/2018\/01\/15178093_1478324312182121_7349707007493749692_n.jpg 960w\" sizes=\"(max-width: 300px) 100vw, 300px\" \/><\/a><\/p>\n<p>\u00a0<\/p>\n<p>Star\u00e9 studio \ud83d\ude42<\/p>\n<p><a href=\"https:\/\/kajulacakes.cz\/wp-content\/uploads\/2018\/01\/15253493_1480842861930266_6745166459735872121_n.jpg\"><img loading=\"lazy\" decoding=\"async\" class=\"size-medium wp-image-401 aligncenter\" src=\"https:\/\/kajulacakes.cz\/wp-content\/uploads\/2018\/01\/15253493_1480842861930266_6745166459735872121_n-300x169.jpg\" alt=\"\" width=\"300\" height=\"169\" srcset=\"https:\/\/kajulacakes.cz\/wp-content\/uploads\/2018\/01\/15253493_1480842861930266_6745166459735872121_n-300x169.jpg 300w, https:\/\/kajulacakes.cz\/wp-content\/uploads\/2018\/01\/15253493_1480842861930266_6745166459735872121_n-768x432.jpg 768w, https:\/\/kajulacakes.cz\/wp-content\/uploads\/2018\/01\/15253493_1480842861930266_6745166459735872121_n.jpg 960w\" sizes=\"(max-width: 300px) 100vw, 300px\" \/><\/a> <a href=\"https:\/\/kajulacakes.cz\/wp-content\/uploads\/2018\/01\/15326356_1480842888596930_4044947523231777702_n.jpg\"><img loading=\"lazy\" decoding=\"async\" class=\"size-medium wp-image-402 aligncenter\" src=\"https:\/\/kajulacakes.cz\/wp-content\/uploads\/2018\/01\/15326356_1480842888596930_4044947523231777702_n-300x169.jpg\" alt=\"\" width=\"300\" height=\"169\" srcset=\"https:\/\/kajulacakes.cz\/wp-content\/uploads\/2018\/01\/15326356_1480842888596930_4044947523231777702_n-300x169.jpg 300w, https:\/\/kajulacakes.cz\/wp-content\/uploads\/2018\/01\/15326356_1480842888596930_4044947523231777702_n-768x432.jpg 768w, https:\/\/kajulacakes.cz\/wp-content\/uploads\/2018\/01\/15326356_1480842888596930_4044947523231777702_n.jpg 960w\" sizes=\"(max-width: 300px) 100vw, 300px\" \/><\/a> <a href=\"https:\/\/kajulacakes.cz\/wp-content\/uploads\/2018\/01\/20264681_1766154730065743_6014218077300160166_n-1.jpg\"><img loading=\"lazy\" decoding=\"async\" class=\"size-medium wp-image-403 aligncenter\" src=\"https:\/\/kajulacakes.cz\/wp-content\/uploads\/2018\/01\/20264681_1766154730065743_6014218077300160166_n-1-225x300.jpg\" alt=\"\" width=\"225\" height=\"300\" srcset=\"https:\/\/kajulacakes.cz\/wp-content\/uploads\/2018\/01\/20264681_1766154730065743_6014218077300160166_n-1-225x300.jpg 225w, https:\/\/kajulacakes.cz\/wp-content\/uploads\/2018\/01\/20264681_1766154730065743_6014218077300160166_n-1.jpg 720w\" sizes=\"(max-width: 225px) 100vw, 225px\" \/><\/a><\/p>\n<p>\u00a0<\/p>","protected":false},"excerpt":{"rendered":"<p>Studio je na nov\u00e9 adrese od\u00a0 11.10. 2018.\u00a0 Dortov\u00e9 studio Kajula cakes bylo otev\u0159eno 1.12.2016. Kav\u00e1rna\u00a0 \u00a0 Star\u00e9 studio \ud83d\ude42 \u00a0<\/p>\n","protected":false},"author":1,"featured_media":0,"parent":0,"menu_order":0,"comment_status":"closed","ping_status":"closed","template":"","meta":{"footnotes":""},"_links":{"self":[{"href":"https:\/\/kajulacakes.cz\/index.php?rest_route=\/wp\/v2\/pages\/398"}],"collection":[{"href":"https:\/\/kajulacakes.cz\/index.php?rest_route=\/wp\/v2\/pages"}],"about":[{"href":"https:\/\/kajulacakes.cz\/index.php?rest_route=\/wp\/v2\/types\/page"}],"author":[{"embeddable":true,"href":"https:\/\/kajulacakes.cz\/index.php?rest_route=\/wp\/v2\/users\/1"}],"replies":[{"embeddable":true,"href":"https:\/\/kajulacakes.cz\/index.php?rest_route=%2Fwp%2Fv2%2Fcomments&post=398"}],"version-history":[{"count":9,"href":"https:\/\/kajulacakes.cz\/index.php?rest_route=\/wp\/v2\/pages\/398\/revisions"}],"predecessor-version":[{"id":1834,"href":"https:\/\/kajulacakes.cz\/index.php?rest_route=\/wp\/v2\/pages\/398\/revisions\/1834"}],"wp:attachment":[{"href":"https:\/\/kajulacakes.cz\/index.php?rest_route=%2Fwp%2Fv2%2Fmedia&parent=398"}],"curies":[{"name":"wp","href":"https:\/\/api.w.org\/{rel}","templated":true}]}}