{"id":2,"date":"2014-08-29T12:48:08","date_gmt":"2014-08-29T12:48:08","guid":{"rendered":"http:\/\/wp.appi.pro\/domains\/wp.appi.pro\/?page_id=2"},"modified":"2018-11-13T19:44:19","modified_gmt":"2018-11-13T19:44:19","slug":"sample-page","status":"publish","type":"page","link":"https:\/\/kajulacakes.cz\/?page_id=2","title":{"rendered":"O mn\u011b"},"content":{"rendered":"<p>&nbsp;<\/p>\n<p><em>Jmenuji se Kajula a pe\u010den\u00ed byla v\u017edy moje v\u00e1\u0161e\u0148.<\/em><\/p>\n<p><em>\u00a0 \u00a0 \u00a0 \u00a0 \u00a0 \u00a0Miluji, kdy\u017e mi dort roste pod rukama a z\u00edsk\u00e1v\u00e1 svou fin\u00e1ln\u00ed podobu.<\/em><\/p>\n<blockquote><p><em>Neust\u00e1le m\u011b bav\u00ed experimentovat s chut\u011bmi a miluji Va\u0161e v\u00fdzvy v podob\u011b n\u011bkdy naprosto \u0161\u00edlen\u00fdch dort\u016f. A v\u011b\u0159te, \u010d\u00edm to zn\u00ed \u0161\u00edlen\u011bji, t\u00edm v\u011bt\u0161\u00ed m\u00e1m radost.<\/em><\/p>\n<p><em>Nedivte se proto pros\u00edm, kdy\u017e Va\u0161e p\u0159edstavy zrealizuji sv\u00fdm osobit\u00fdm, tv\u016fr\u010d\u00edm zp\u016fsobem pokud mi k tomu d\u00e1te svolen\u00ed.<\/em><\/p>\n<p><em>Absolvovala jsem spoustu kurz\u016f na cukrov\u00e9 kv\u011btiny a velmi r\u00e1da s nimi zdob\u00edm Va\u0161e svatebn\u00ed, vlastn\u011b v\u0161echny dorty.<\/em><\/p>\n<p>&nbsp;<\/p>\n<p><em>Neleknu se \u017e\u00e1dn\u00e9 v\u00fdzvy, kterou zvl\u00e1dne gravitace \ud83d\ude42<\/em><\/p>\n<p>Moje chvilka novinov\u00e9ho lesku <a href=\"https:\/\/liberec.idnes.cz\/auta-dorty-cukrarka-karolina-vesela-kajula-cakes-liberec-pkt-\/liberec-zpravy.aspx?c=A171110_152235_liberec-zpravy_jape\">zde<\/a><\/p><\/blockquote>\n","protected":false},"excerpt":{"rendered":"<p>&nbsp; Jmenuji se Kajula a pe\u010den\u00ed byla v\u017edy moje v\u00e1\u0161e\u0148. \u00a0 \u00a0 \u00a0 \u00a0 \u00a0 \u00a0Miluji, kdy\u017e mi dort roste pod rukama a z\u00edsk\u00e1v\u00e1 svou fin\u00e1ln\u00ed podobu. Neust\u00e1le m\u011b bav\u00ed experimentovat s chut\u011bmi a miluji Va\u0161e v\u00fdzvy v podob\u011b n\u011bkdy naprosto \u0161\u00edlen\u00fdch dort\u016f. A v\u011b\u0159te, \u010d\u00edm to zn\u00ed \u0161\u00edlen\u011bji, t\u00edm &hellip; <\/p>\n","protected":false},"author":1,"featured_media":0,"parent":0,"menu_order":2,"comment_status":"open","ping_status":"open","template":"","meta":{"footnotes":""},"_links":{"self":[{"href":"https:\/\/kajulacakes.cz\/index.php?rest_route=\/wp\/v2\/pages\/2"}],"collection":[{"href":"https:\/\/kajulacakes.cz\/index.php?rest_route=\/wp\/v2\/pages"}],"about":[{"href":"https:\/\/kajulacakes.cz\/index.php?rest_route=\/wp\/v2\/types\/page"}],"author":[{"embeddable":true,"href":"https:\/\/kajulacakes.cz\/index.php?rest_route=\/wp\/v2\/users\/1"}],"replies":[{"embeddable":true,"href":"https:\/\/kajulacakes.cz\/index.php?rest_route=%2Fwp%2Fv2%2Fcomments&post=2"}],"version-history":[{"count":5,"href":"https:\/\/kajulacakes.cz\/index.php?rest_route=\/wp\/v2\/pages\/2\/revisions"}],"predecessor-version":[{"id":1475,"href":"https:\/\/kajulacakes.cz\/index.php?rest_route=\/wp\/v2\/pages\/2\/revisions\/1475"}],"wp:attachment":[{"href":"https:\/\/kajulacakes.cz\/index.php?rest_route=%2Fwp%2Fv2%2Fmedia&parent=2"}],"curies":[{"name":"wp","href":"https:\/\/api.w.org\/{rel}","templated":true}]}}