{"id":175,"date":"2017-12-31T17:10:15","date_gmt":"2017-12-31T17:10:15","guid":{"rendered":"http:\/\/kajulacakes.cz\/?page_id=175"},"modified":"2020-09-06T07:08:57","modified_gmt":"2020-09-06T07:08:57","slug":"cupcakes","status":"publish","type":"page","link":"https:\/\/kajulacakes.cz\/?page_id=175","title":{"rendered":"Cupcakes"},"content":{"rendered":"\n<figure class=\"wp-block-gallery columns-3 is-cropped wp-block-gallery-1 is-layout-flex wp-block-gallery-is-layout-flex\"><ul class=\"blocks-gallery-grid\"><li class=\"blocks-gallery-item\"><figure><img loading=\"lazy\" decoding=\"async\" width=\"768\" height=\"1024\" src=\"https:\/\/kajulacakes.cz\/wp-content\/uploads\/2020\/09\/IMG_20200821_090334-1-768x1024.jpg\" alt=\"\" data-id=\"1779\" data-full-url=\"https:\/\/kajulacakes.cz\/wp-content\/uploads\/2020\/09\/IMG_20200821_090334-1-scaled.jpg\" data-link=\"https:\/\/kajulacakes.cz\/?attachment_id=1779\" class=\"wp-image-1779\" srcset=\"https:\/\/kajulacakes.cz\/wp-content\/uploads\/2020\/09\/IMG_20200821_090334-1-768x1024.jpg 768w, https:\/\/kajulacakes.cz\/wp-content\/uploads\/2020\/09\/IMG_20200821_090334-1-225x300.jpg 225w, https:\/\/kajulacakes.cz\/wp-content\/uploads\/2020\/09\/IMG_20200821_090334-1-1152x1536.jpg 1152w, https:\/\/kajulacakes.cz\/wp-content\/uploads\/2020\/09\/IMG_20200821_090334-1-1536x2048.jpg 1536w, https:\/\/kajulacakes.cz\/wp-content\/uploads\/2020\/09\/IMG_20200821_090334-1-scaled.jpg 1920w\" sizes=\"(max-width: 768px) 100vw, 768px\" \/><figcaption class=\"blocks-gallery-item__caption\">Minicupcakes<\/figcaption><\/figure><\/li><li class=\"blocks-gallery-item\"><figure><img loading=\"lazy\" decoding=\"async\" width=\"768\" height=\"1024\" src=\"https:\/\/kajulacakes.cz\/wp-content\/uploads\/2020\/09\/IMG_20200710_083759-768x1024.jpg\" alt=\"\" data-id=\"1776\" data-full-url=\"https:\/\/kajulacakes.cz\/wp-content\/uploads\/2020\/09\/IMG_20200710_083759-scaled.jpg\" data-link=\"https:\/\/kajulacakes.cz\/?attachment_id=1776\" class=\"wp-image-1776\" srcset=\"https:\/\/kajulacakes.cz\/wp-content\/uploads\/2020\/09\/IMG_20200710_083759-768x1024.jpg 768w, https:\/\/kajulacakes.cz\/wp-content\/uploads\/2020\/09\/IMG_20200710_083759-225x300.jpg 225w, https:\/\/kajulacakes.cz\/wp-content\/uploads\/2020\/09\/IMG_20200710_083759-1152x1536.jpg 1152w, https:\/\/kajulacakes.cz\/wp-content\/uploads\/2020\/09\/IMG_20200710_083759-1536x2048.jpg 1536w, https:\/\/kajulacakes.cz\/wp-content\/uploads\/2020\/09\/IMG_20200710_083759-scaled.jpg 1920w\" sizes=\"(max-width: 768px) 100vw, 768px\" \/><\/figure><\/li><li class=\"blocks-gallery-item\"><figure><img loading=\"lazy\" decoding=\"async\" width=\"768\" height=\"1024\" src=\"https:\/\/kajulacakes.cz\/wp-content\/uploads\/2020\/09\/IMG_20200730_075641-768x1024.jpg\" alt=\"\" data-id=\"1775\" data-full-url=\"https:\/\/kajulacakes.cz\/wp-content\/uploads\/2020\/09\/IMG_20200730_075641-scaled.jpg\" data-link=\"https:\/\/kajulacakes.cz\/?attachment_id=1775\" class=\"wp-image-1775\" srcset=\"https:\/\/kajulacakes.cz\/wp-content\/uploads\/2020\/09\/IMG_20200730_075641-768x1024.jpg 768w, https:\/\/kajulacakes.cz\/wp-content\/uploads\/2020\/09\/IMG_20200730_075641-225x300.jpg 225w, https:\/\/kajulacakes.cz\/wp-content\/uploads\/2020\/09\/IMG_20200730_075641-1152x1536.jpg 1152w, https:\/\/kajulacakes.cz\/wp-content\/uploads\/2020\/09\/IMG_20200730_075641-1536x2048.jpg 1536w, https:\/\/kajulacakes.cz\/wp-content\/uploads\/2020\/09\/IMG_20200730_075641-scaled.jpg 1920w\" sizes=\"(max-width: 768px) 100vw, 768px\" \/><figcaption class=\"blocks-gallery-item__caption\">Mascarpone jahoda prasatka<\/figcaption><\/figure><\/li><li class=\"blocks-gallery-item\"><figure><img loading=\"lazy\" decoding=\"async\" width=\"768\" height=\"1024\" src=\"https:\/\/kajulacakes.cz\/wp-content\/uploads\/2020\/09\/BeautyPlus_20200717194230121_save-768x1024.jpg\" alt=\"\" data-id=\"1774\" data-full-url=\"https:\/\/kajulacakes.cz\/wp-content\/uploads\/2020\/09\/BeautyPlus_20200717194230121_save.jpg\" data-link=\"https:\/\/kajulacakes.cz\/?attachment_id=1774\" class=\"wp-image-1774\" srcset=\"https:\/\/kajulacakes.cz\/wp-content\/uploads\/2020\/09\/BeautyPlus_20200717194230121_save-768x1024.jpg 768w, https:\/\/kajulacakes.cz\/wp-content\/uploads\/2020\/09\/BeautyPlus_20200717194230121_save-225x300.jpg 225w, https:\/\/kajulacakes.cz\/wp-content\/uploads\/2020\/09\/BeautyPlus_20200717194230121_save-1152x1536.jpg 1152w, https:\/\/kajulacakes.cz\/wp-content\/uploads\/2020\/09\/BeautyPlus_20200717194230121_save.jpg 1440w\" sizes=\"(max-width: 768px) 100vw, 768px\" \/><\/figure><\/li><li class=\"blocks-gallery-item\"><figure><img loading=\"lazy\" decoding=\"async\" width=\"768\" height=\"1024\" src=\"https:\/\/kajulacakes.cz\/wp-content\/uploads\/2020\/09\/IMG_20200821_090334-768x1024.jpg\" alt=\"\" data-id=\"1773\" data-full-url=\"https:\/\/kajulacakes.cz\/wp-content\/uploads\/2020\/09\/IMG_20200821_090334-scaled.jpg\" data-link=\"https:\/\/kajulacakes.cz\/?attachment_id=1773\" class=\"wp-image-1773\" srcset=\"https:\/\/kajulacakes.cz\/wp-content\/uploads\/2020\/09\/IMG_20200821_090334-768x1024.jpg 768w, https:\/\/kajulacakes.cz\/wp-content\/uploads\/2020\/09\/IMG_20200821_090334-225x300.jpg 225w, https:\/\/kajulacakes.cz\/wp-content\/uploads\/2020\/09\/IMG_20200821_090334-1152x1536.jpg 1152w, https:\/\/kajulacakes.cz\/wp-content\/uploads\/2020\/09\/IMG_20200821_090334-1536x2048.jpg 1536w, https:\/\/kajulacakes.cz\/wp-content\/uploads\/2020\/09\/IMG_20200821_090334-scaled.jpg 1920w\" sizes=\"(max-width: 768px) 100vw, 768px\" \/><\/figure><\/li><li class=\"blocks-gallery-item\"><figure><img loading=\"lazy\" decoding=\"async\" width=\"1024\" height=\"585\" src=\"https:\/\/kajulacakes.cz\/wp-content\/uploads\/2020\/09\/BeautyPlus_20200807164246014_save-1024x585.jpg\" alt=\"\" data-id=\"1772\" data-full-url=\"https:\/\/kajulacakes.cz\/wp-content\/uploads\/2020\/09\/BeautyPlus_20200807164246014_save.jpg\" data-link=\"https:\/\/kajulacakes.cz\/?attachment_id=1772\" class=\"wp-image-1772\" srcset=\"https:\/\/kajulacakes.cz\/wp-content\/uploads\/2020\/09\/BeautyPlus_20200807164246014_save-1024x585.jpg 1024w, https:\/\/kajulacakes.cz\/wp-content\/uploads\/2020\/09\/BeautyPlus_20200807164246014_save-300x171.jpg 300w, https:\/\/kajulacakes.cz\/wp-content\/uploads\/2020\/09\/BeautyPlus_20200807164246014_save-768x439.jpg 768w, https:\/\/kajulacakes.cz\/wp-content\/uploads\/2020\/09\/BeautyPlus_20200807164246014_save-1536x878.jpg 1536w, https:\/\/kajulacakes.cz\/wp-content\/uploads\/2020\/09\/BeautyPlus_20200807164246014_save.jpg 1920w\" sizes=\"(max-width: 1024px) 100vw, 1024px\" \/><figcaption class=\"blocks-gallery-item__caption\">Krabi\u010dky minicupcakes<\/figcaption><\/figure><\/li><li class=\"blocks-gallery-item\"><figure><img loading=\"lazy\" decoding=\"async\" width=\"1024\" height=\"684\" src=\"https:\/\/kajulacakes.cz\/wp-content\/uploads\/2020\/09\/DSC_1596-1-1024x684.jpg\" alt=\"\" data-id=\"1731\" data-full-url=\"https:\/\/kajulacakes.cz\/wp-content\/uploads\/2020\/09\/DSC_1596-1-scaled.jpg\" data-link=\"https:\/\/kajulacakes.cz\/?attachment_id=1731\" class=\"wp-image-1731\" srcset=\"https:\/\/kajulacakes.cz\/wp-content\/uploads\/2020\/09\/DSC_1596-1-1024x684.jpg 1024w, https:\/\/kajulacakes.cz\/wp-content\/uploads\/2020\/09\/DSC_1596-1-300x201.jpg 300w, https:\/\/kajulacakes.cz\/wp-content\/uploads\/2020\/09\/DSC_1596-1-768x513.jpg 768w, https:\/\/kajulacakes.cz\/wp-content\/uploads\/2020\/09\/DSC_1596-1-1536x1027.jpg 1536w, https:\/\/kajulacakes.cz\/wp-content\/uploads\/2020\/09\/DSC_1596-1-2048x1369.jpg 2048w, https:\/\/kajulacakes.cz\/wp-content\/uploads\/2020\/09\/DSC_1596-1-600x400.jpg 600w\" sizes=\"(max-width: 1024px) 100vw, 1024px\" \/><figcaption class=\"blocks-gallery-item__caption\">Pa\u0159\u00ed\u017e\u00e1k<\/figcaption><\/figure><\/li><li class=\"blocks-gallery-item\"><figure><img loading=\"lazy\" decoding=\"async\" width=\"1024\" height=\"684\" src=\"https:\/\/kajulacakes.cz\/wp-content\/uploads\/2020\/09\/DSC_1626-1024x684.jpg\" alt=\"\" data-id=\"1718\" data-full-url=\"https:\/\/kajulacakes.cz\/wp-content\/uploads\/2020\/09\/DSC_1626-scaled.jpg\" data-link=\"https:\/\/kajulacakes.cz\/?attachment_id=1718\" class=\"wp-image-1718\" srcset=\"https:\/\/kajulacakes.cz\/wp-content\/uploads\/2020\/09\/DSC_1626-1024x684.jpg 1024w, https:\/\/kajulacakes.cz\/wp-content\/uploads\/2020\/09\/DSC_1626-300x201.jpg 300w, https:\/\/kajulacakes.cz\/wp-content\/uploads\/2020\/09\/DSC_1626-768x513.jpg 768w, https:\/\/kajulacakes.cz\/wp-content\/uploads\/2020\/09\/DSC_1626-1536x1027.jpg 1536w, https:\/\/kajulacakes.cz\/wp-content\/uploads\/2020\/09\/DSC_1626-2048x1369.jpg 2048w, https:\/\/kajulacakes.cz\/wp-content\/uploads\/2020\/09\/DSC_1626-600x400.jpg 600w\" sizes=\"(max-width: 1024px) 100vw, 1024px\" \/><figcaption class=\"blocks-gallery-item__caption\">Te\u010f velvet s mascarpone a malinami<\/figcaption><\/figure><\/li><li class=\"blocks-gallery-item\"><figure><img loading=\"lazy\" decoding=\"async\" width=\"1024\" height=\"684\" src=\"https:\/\/kajulacakes.cz\/wp-content\/uploads\/2020\/09\/DSC_1615-1024x684.jpg\" alt=\"\" data-id=\"1732\" data-full-url=\"https:\/\/kajulacakes.cz\/wp-content\/uploads\/2020\/09\/DSC_1615-scaled.jpg\" data-link=\"https:\/\/kajulacakes.cz\/?attachment_id=1732\" class=\"wp-image-1732\" srcset=\"https:\/\/kajulacakes.cz\/wp-content\/uploads\/2020\/09\/DSC_1615-1024x684.jpg 1024w, https:\/\/kajulacakes.cz\/wp-content\/uploads\/2020\/09\/DSC_1615-300x201.jpg 300w, https:\/\/kajulacakes.cz\/wp-content\/uploads\/2020\/09\/DSC_1615-768x513.jpg 768w, https:\/\/kajulacakes.cz\/wp-content\/uploads\/2020\/09\/DSC_1615-1536x1027.jpg 1536w, https:\/\/kajulacakes.cz\/wp-content\/uploads\/2020\/09\/DSC_1615-2048x1369.jpg 2048w, https:\/\/kajulacakes.cz\/wp-content\/uploads\/2020\/09\/DSC_1615-600x400.jpg 600w\" sizes=\"(max-width: 1024px) 100vw, 1024px\" \/><figcaption class=\"blocks-gallery-item__caption\">Duhacci<\/figcaption><\/figure><\/li><li class=\"blocks-gallery-item\"><figure><img loading=\"lazy\" decoding=\"async\" width=\"1024\" height=\"684\" src=\"https:\/\/kajulacakes.cz\/wp-content\/uploads\/2020\/09\/DSC_1587-1024x684.jpg\" alt=\"\" data-id=\"1714\" data-full-url=\"https:\/\/kajulacakes.cz\/wp-content\/uploads\/2020\/09\/DSC_1587-scaled.jpg\" data-link=\"https:\/\/kajulacakes.cz\/?attachment_id=1714\" class=\"wp-image-1714\" srcset=\"https:\/\/kajulacakes.cz\/wp-content\/uploads\/2020\/09\/DSC_1587-1024x684.jpg 1024w, https:\/\/kajulacakes.cz\/wp-content\/uploads\/2020\/09\/DSC_1587-300x201.jpg 300w, https:\/\/kajulacakes.cz\/wp-content\/uploads\/2020\/09\/DSC_1587-768x513.jpg 768w, https:\/\/kajulacakes.cz\/wp-content\/uploads\/2020\/09\/DSC_1587-1536x1027.jpg 1536w, https:\/\/kajulacakes.cz\/wp-content\/uploads\/2020\/09\/DSC_1587-2048x1369.jpg 2048w, https:\/\/kajulacakes.cz\/wp-content\/uploads\/2020\/09\/DSC_1587-600x400.jpg 600w\" sizes=\"(max-width: 1024px) 100vw, 1024px\" \/><figcaption class=\"blocks-gallery-item__caption\">Ara\u0161\u00eddov\u00e9 m\u00e1slo<\/figcaption><\/figure><\/li><li class=\"blocks-gallery-item\"><figure><img loading=\"lazy\" decoding=\"async\" width=\"1024\" height=\"684\" src=\"https:\/\/kajulacakes.cz\/wp-content\/uploads\/2020\/09\/DSC_1794-1024x684.jpg\" alt=\"\" data-id=\"1691\" data-full-url=\"https:\/\/kajulacakes.cz\/wp-content\/uploads\/2020\/09\/DSC_1794-scaled.jpg\" data-link=\"https:\/\/kajulacakes.cz\/?attachment_id=1691\" class=\"wp-image-1691\" srcset=\"https:\/\/kajulacakes.cz\/wp-content\/uploads\/2020\/09\/DSC_1794-1024x684.jpg 1024w, https:\/\/kajulacakes.cz\/wp-content\/uploads\/2020\/09\/DSC_1794-300x201.jpg 300w, https:\/\/kajulacakes.cz\/wp-content\/uploads\/2020\/09\/DSC_1794-768x513.jpg 768w, https:\/\/kajulacakes.cz\/wp-content\/uploads\/2020\/09\/DSC_1794-1536x1027.jpg 1536w, https:\/\/kajulacakes.cz\/wp-content\/uploads\/2020\/09\/DSC_1794-2048x1369.jpg 2048w, https:\/\/kajulacakes.cz\/wp-content\/uploads\/2020\/09\/DSC_1794-600x400.jpg 600w\" sizes=\"(max-width: 1024px) 100vw, 1024px\" \/><\/figure><\/li><li class=\"blocks-gallery-item\"><figure><img loading=\"lazy\" decoding=\"async\" width=\"1024\" height=\"1005\" src=\"https:\/\/kajulacakes.cz\/wp-content\/uploads\/2019\/08\/unicorn-cupcakes-1024x1005.jpg\" alt=\"\" data-id=\"1620\" data-full-url=\"https:\/\/kajulacakes.cz\/wp-content\/uploads\/2019\/08\/unicorn-cupcakes.jpg\" data-link=\"https:\/\/kajulacakes.cz\/?attachment_id=1620\" class=\"wp-image-1620\" srcset=\"https:\/\/kajulacakes.cz\/wp-content\/uploads\/2019\/08\/unicorn-cupcakes-1024x1005.jpg 1024w, https:\/\/kajulacakes.cz\/wp-content\/uploads\/2019\/08\/unicorn-cupcakes-300x294.jpg 300w, https:\/\/kajulacakes.cz\/wp-content\/uploads\/2019\/08\/unicorn-cupcakes-768x754.jpg 768w, https:\/\/kajulacakes.cz\/wp-content\/uploads\/2019\/08\/unicorn-cupcakes-60x60.jpg 60w, https:\/\/kajulacakes.cz\/wp-content\/uploads\/2019\/08\/unicorn-cupcakes.jpg 2000w\" sizes=\"(max-width: 1024px) 100vw, 1024px\" \/><\/figure><\/li><li class=\"blocks-gallery-item\"><figure><img loading=\"lazy\" decoding=\"async\" width=\"1024\" height=\"985\" src=\"https:\/\/kajulacakes.cz\/wp-content\/uploads\/2019\/08\/semafory-1024x985.jpg\" alt=\"\" data-id=\"1613\" data-full-url=\"https:\/\/kajulacakes.cz\/wp-content\/uploads\/2019\/08\/semafory.jpg\" data-link=\"https:\/\/kajulacakes.cz\/?attachment_id=1613\" class=\"wp-image-1613\" srcset=\"https:\/\/kajulacakes.cz\/wp-content\/uploads\/2019\/08\/semafory-1024x985.jpg 1024w, https:\/\/kajulacakes.cz\/wp-content\/uploads\/2019\/08\/semafory-300x288.jpg 300w, https:\/\/kajulacakes.cz\/wp-content\/uploads\/2019\/08\/semafory-768x738.jpg 768w, https:\/\/kajulacakes.cz\/wp-content\/uploads\/2019\/08\/semafory.jpg 2000w\" sizes=\"(max-width: 1024px) 100vw, 1024px\" \/><\/figure><\/li><li class=\"blocks-gallery-item\"><figure><img loading=\"lazy\" decoding=\"async\" width=\"1024\" height=\"884\" src=\"https:\/\/kajulacakes.cz\/wp-content\/uploads\/2019\/08\/modry-cupcakes-1024x884.jpg\" alt=\"\" data-id=\"1600\" data-full-url=\"https:\/\/kajulacakes.cz\/wp-content\/uploads\/2019\/08\/modry-cupcakes.jpg\" data-link=\"https:\/\/kajulacakes.cz\/?attachment_id=1600\" class=\"wp-image-1600\" srcset=\"https:\/\/kajulacakes.cz\/wp-content\/uploads\/2019\/08\/modry-cupcakes-1024x884.jpg 1024w, https:\/\/kajulacakes.cz\/wp-content\/uploads\/2019\/08\/modry-cupcakes-300x259.jpg 300w, https:\/\/kajulacakes.cz\/wp-content\/uploads\/2019\/08\/modry-cupcakes-768x663.jpg 768w, https:\/\/kajulacakes.cz\/wp-content\/uploads\/2019\/08\/modry-cupcakes.jpg 2000w\" sizes=\"(max-width: 1024px) 100vw, 1024px\" \/><figcaption class=\"blocks-gallery-item__caption\">Brownie tvarohov\u00e1 \u0161leha\u010dka<\/figcaption><\/figure><\/li><li class=\"blocks-gallery-item\"><figure><img loading=\"lazy\" decoding=\"async\" width=\"1024\" height=\"827\" src=\"https:\/\/kajulacakes.cz\/wp-content\/uploads\/2019\/08\/minicupcakes-barevne-1024x827.jpg\" alt=\"\" data-id=\"1597\" data-full-url=\"https:\/\/kajulacakes.cz\/wp-content\/uploads\/2019\/08\/minicupcakes-barevne.jpg\" data-link=\"https:\/\/kajulacakes.cz\/?attachment_id=1597\" class=\"wp-image-1597\" srcset=\"https:\/\/kajulacakes.cz\/wp-content\/uploads\/2019\/08\/minicupcakes-barevne-1024x827.jpg 1024w, https:\/\/kajulacakes.cz\/wp-content\/uploads\/2019\/08\/minicupcakes-barevne-300x242.jpg 300w, https:\/\/kajulacakes.cz\/wp-content\/uploads\/2019\/08\/minicupcakes-barevne-768x621.jpg 768w, https:\/\/kajulacakes.cz\/wp-content\/uploads\/2019\/08\/minicupcakes-barevne.jpg 2000w\" sizes=\"(max-width: 1024px) 100vw, 1024px\" \/><\/figure><\/li><li class=\"blocks-gallery-item\"><figure><img loading=\"lazy\" decoding=\"async\" width=\"1024\" height=\"905\" src=\"https:\/\/kajulacakes.cz\/wp-content\/uploads\/2019\/07\/cupcakes-jested-1024x905.jpg\" alt=\"\" data-id=\"1500\" data-full-url=\"https:\/\/kajulacakes.cz\/wp-content\/uploads\/2019\/07\/cupcakes-jested.jpg\" data-link=\"https:\/\/kajulacakes.cz\/?attachment_id=1500\" class=\"wp-image-1500\" srcset=\"https:\/\/kajulacakes.cz\/wp-content\/uploads\/2019\/07\/cupcakes-jested-1024x905.jpg 1024w, https:\/\/kajulacakes.cz\/wp-content\/uploads\/2019\/07\/cupcakes-jested-300x265.jpg 300w, https:\/\/kajulacakes.cz\/wp-content\/uploads\/2019\/07\/cupcakes-jested-768x679.jpg 768w, https:\/\/kajulacakes.cz\/wp-content\/uploads\/2019\/07\/cupcakes-jested.jpg 2000w\" sizes=\"(max-width: 1024px) 100vw, 1024px\" \/><\/figure><\/li><li class=\"blocks-gallery-item\"><figure><img loading=\"lazy\" decoding=\"async\" width=\"1024\" height=\"902\" src=\"https:\/\/kajulacakes.cz\/wp-content\/uploads\/2018\/06\/mocca-brownie-cupcakes-1024x902.jpg\" alt=\"\" data-id=\"1369\" data-full-url=\"https:\/\/kajulacakes.cz\/wp-content\/uploads\/2018\/06\/mocca-brownie-cupcakes.jpg\" data-link=\"https:\/\/kajulacakes.cz\/?attachment_id=1369\" class=\"wp-image-1369\" srcset=\"https:\/\/kajulacakes.cz\/wp-content\/uploads\/2018\/06\/mocca-brownie-cupcakes-1024x902.jpg 1024w, https:\/\/kajulacakes.cz\/wp-content\/uploads\/2018\/06\/mocca-brownie-cupcakes-300x264.jpg 300w, https:\/\/kajulacakes.cz\/wp-content\/uploads\/2018\/06\/mocca-brownie-cupcakes-768x676.jpg 768w, https:\/\/kajulacakes.cz\/wp-content\/uploads\/2018\/06\/mocca-brownie-cupcakes.jpg 1500w\" sizes=\"(max-width: 1024px) 100vw, 1024px\" \/><figcaption class=\"blocks-gallery-item__caption\">brownie s kavovou \u0161leha\u010dkou<\/figcaption><\/figure><\/li><li class=\"blocks-gallery-item\"><figure><img loading=\"lazy\" decoding=\"async\" width=\"1024\" height=\"890\" src=\"https:\/\/kajulacakes.cz\/wp-content\/uploads\/2018\/06\/mango-cupcakes-1024x890.jpg\" alt=\"\" data-id=\"1368\" data-full-url=\"https:\/\/kajulacakes.cz\/wp-content\/uploads\/2018\/06\/mango-cupcakes.jpg\" data-link=\"https:\/\/kajulacakes.cz\/?attachment_id=1368\" class=\"wp-image-1368\" srcset=\"https:\/\/kajulacakes.cz\/wp-content\/uploads\/2018\/06\/mango-cupcakes-1024x890.jpg 1024w, https:\/\/kajulacakes.cz\/wp-content\/uploads\/2018\/06\/mango-cupcakes-300x261.jpg 300w, https:\/\/kajulacakes.cz\/wp-content\/uploads\/2018\/06\/mango-cupcakes-768x667.jpg 768w, https:\/\/kajulacakes.cz\/wp-content\/uploads\/2018\/06\/mango-cupcakes.jpg 1500w\" sizes=\"(max-width: 1024px) 100vw, 1024px\" \/><figcaption class=\"blocks-gallery-item__caption\">\u010dokol\u00e1dov\u00fd cupcakes s mango \u0161lehakou<\/figcaption><\/figure><\/li><li class=\"blocks-gallery-item\"><figure><img loading=\"lazy\" decoding=\"async\" width=\"1024\" height=\"991\" src=\"https:\/\/kajulacakes.cz\/wp-content\/uploads\/2018\/06\/limetkov\u00fd-cupcakes-1024x991.jpg\" alt=\"\" data-id=\"1367\" data-full-url=\"https:\/\/kajulacakes.cz\/wp-content\/uploads\/2018\/06\/limetkov\u00fd-cupcakes.jpg\" data-link=\"https:\/\/kajulacakes.cz\/?attachment_id=1367\" class=\"wp-image-1367\" srcset=\"https:\/\/kajulacakes.cz\/wp-content\/uploads\/2018\/06\/limetkov\u00fd-cupcakes-1024x991.jpg 1024w, https:\/\/kajulacakes.cz\/wp-content\/uploads\/2018\/06\/limetkov\u00fd-cupcakes-300x290.jpg 300w, https:\/\/kajulacakes.cz\/wp-content\/uploads\/2018\/06\/limetkov\u00fd-cupcakes-768x743.jpg 768w, https:\/\/kajulacakes.cz\/wp-content\/uploads\/2018\/06\/limetkov\u00fd-cupcakes.jpg 1500w\" sizes=\"(max-width: 1024px) 100vw, 1024px\" \/><figcaption class=\"blocks-gallery-item__caption\">Limetka<\/figcaption><\/figure><\/li><li class=\"blocks-gallery-item\"><figure><img loading=\"lazy\" decoding=\"async\" width=\"1024\" height=\"943\" src=\"https:\/\/kajulacakes.cz\/wp-content\/uploads\/2018\/06\/boruvka-brownie-cupcakes-1024x943.jpg\" alt=\"\" data-id=\"1365\" data-full-url=\"https:\/\/kajulacakes.cz\/wp-content\/uploads\/2018\/06\/boruvka-brownie-cupcakes.jpg\" data-link=\"https:\/\/kajulacakes.cz\/?attachment_id=1365\" class=\"wp-image-1365\" srcset=\"https:\/\/kajulacakes.cz\/wp-content\/uploads\/2018\/06\/boruvka-brownie-cupcakes-1024x943.jpg 1024w, https:\/\/kajulacakes.cz\/wp-content\/uploads\/2018\/06\/boruvka-brownie-cupcakes-300x276.jpg 300w, https:\/\/kajulacakes.cz\/wp-content\/uploads\/2018\/06\/boruvka-brownie-cupcakes-768x707.jpg 768w, https:\/\/kajulacakes.cz\/wp-content\/uploads\/2018\/06\/boruvka-brownie-cupcakes.jpg 1500w\" sizes=\"(max-width: 1024px) 100vw, 1024px\" \/><\/figure><\/li><li class=\"blocks-gallery-item\"><figure><img loading=\"lazy\" decoding=\"async\" width=\"1024\" height=\"977\" src=\"https:\/\/kajulacakes.cz\/wp-content\/uploads\/2018\/06\/lesni-cupcakes-1024x977.jpg\" alt=\"\" data-id=\"1366\" data-full-url=\"https:\/\/kajulacakes.cz\/wp-content\/uploads\/2018\/06\/lesni-cupcakes.jpg\" data-link=\"https:\/\/kajulacakes.cz\/?attachment_id=1366\" class=\"wp-image-1366\" srcset=\"https:\/\/kajulacakes.cz\/wp-content\/uploads\/2018\/06\/lesni-cupcakes-1024x977.jpg 1024w, https:\/\/kajulacakes.cz\/wp-content\/uploads\/2018\/06\/lesni-cupcakes-300x286.jpg 300w, https:\/\/kajulacakes.cz\/wp-content\/uploads\/2018\/06\/lesni-cupcakes-768x733.jpg 768w, https:\/\/kajulacakes.cz\/wp-content\/uploads\/2018\/06\/lesni-cupcakes.jpg 1500w\" sizes=\"(max-width: 1024px) 100vw, 1024px\" \/><\/figure><\/li><li class=\"blocks-gallery-item\"><figure><img loading=\"lazy\" decoding=\"async\" width=\"1024\" height=\"768\" src=\"https:\/\/kajulacakes.cz\/wp-content\/uploads\/2018\/05\/cup-magna-2-1024x768.jpg\" alt=\"\" data-id=\"1356\" data-full-url=\"https:\/\/kajulacakes.cz\/wp-content\/uploads\/2018\/05\/cup-magna-2.jpg\" data-link=\"https:\/\/kajulacakes.cz\/?attachment_id=1356\" class=\"wp-image-1356\" srcset=\"https:\/\/kajulacakes.cz\/wp-content\/uploads\/2018\/05\/cup-magna-2-1024x768.jpg 1024w, https:\/\/kajulacakes.cz\/wp-content\/uploads\/2018\/05\/cup-magna-2-300x225.jpg 300w, https:\/\/kajulacakes.cz\/wp-content\/uploads\/2018\/05\/cup-magna-2-768x576.jpg 768w, https:\/\/kajulacakes.cz\/wp-content\/uploads\/2018\/05\/cup-magna-2.jpg 1500w\" sizes=\"(max-width: 1024px) 100vw, 1024px\" \/><\/figure><\/li><li class=\"blocks-gallery-item\"><figure><img loading=\"lazy\" decoding=\"async\" width=\"918\" height=\"1024\" src=\"https:\/\/kajulacakes.cz\/wp-content\/uploads\/2018\/05\/cupcakes-s-kluky-plus-mini-1-918x1024.jpg\" alt=\"\" data-id=\"1354\" data-full-url=\"https:\/\/kajulacakes.cz\/wp-content\/uploads\/2018\/05\/cupcakes-s-kluky-plus-mini-1.jpg\" data-link=\"https:\/\/kajulacakes.cz\/?attachment_id=1354\" class=\"wp-image-1354\" srcset=\"https:\/\/kajulacakes.cz\/wp-content\/uploads\/2018\/05\/cupcakes-s-kluky-plus-mini-1-918x1024.jpg 918w, https:\/\/kajulacakes.cz\/wp-content\/uploads\/2018\/05\/cupcakes-s-kluky-plus-mini-1-269x300.jpg 269w, https:\/\/kajulacakes.cz\/wp-content\/uploads\/2018\/05\/cupcakes-s-kluky-plus-mini-1-768x857.jpg 768w, https:\/\/kajulacakes.cz\/wp-content\/uploads\/2018\/05\/cupcakes-s-kluky-plus-mini-1.jpg 1500w\" sizes=\"(max-width: 918px) 100vw, 918px\" \/><\/figure><\/li><li class=\"blocks-gallery-item\"><figure><img loading=\"lazy\" decoding=\"async\" width=\"961\" height=\"1024\" src=\"https:\/\/kajulacakes.cz\/wp-content\/uploads\/2018\/05\/valentyn-961x1024.jpg\" alt=\"\" data-id=\"1341\" data-full-url=\"https:\/\/kajulacakes.cz\/wp-content\/uploads\/2018\/05\/valentyn.jpg\" data-link=\"https:\/\/kajulacakes.cz\/?attachment_id=1341\" class=\"wp-image-1341\" srcset=\"https:\/\/kajulacakes.cz\/wp-content\/uploads\/2018\/05\/valentyn-961x1024.jpg 961w, https:\/\/kajulacakes.cz\/wp-content\/uploads\/2018\/05\/valentyn-282x300.jpg 282w, https:\/\/kajulacakes.cz\/wp-content\/uploads\/2018\/05\/valentyn-768x818.jpg 768w, https:\/\/kajulacakes.cz\/wp-content\/uploads\/2018\/05\/valentyn.jpg 1500w\" sizes=\"(max-width: 961px) 100vw, 961px\" \/><figcaption class=\"blocks-gallery-item__caption\">Valent\u00fdn<\/figcaption><\/figure><\/li><li class=\"blocks-gallery-item\"><figure><img loading=\"lazy\" decoding=\"async\" width=\"1024\" height=\"829\" src=\"https:\/\/kajulacakes.cz\/wp-content\/uploads\/2018\/05\/cupcakes-prezencni-1024x829.jpg\" alt=\"\" data-id=\"1255\" data-full-url=\"https:\/\/kajulacakes.cz\/wp-content\/uploads\/2018\/05\/cupcakes-prezencni.jpg\" data-link=\"https:\/\/kajulacakes.cz\/?attachment_id=1255\" class=\"wp-image-1255\" srcset=\"https:\/\/kajulacakes.cz\/wp-content\/uploads\/2018\/05\/cupcakes-prezencni-1024x829.jpg 1024w, https:\/\/kajulacakes.cz\/wp-content\/uploads\/2018\/05\/cupcakes-prezencni-300x243.jpg 300w, https:\/\/kajulacakes.cz\/wp-content\/uploads\/2018\/05\/cupcakes-prezencni-768x622.jpg 768w, https:\/\/kajulacakes.cz\/wp-content\/uploads\/2018\/05\/cupcakes-prezencni.jpg 1500w\" sizes=\"(max-width: 1024px) 100vw, 1024px\" \/><\/figure><\/li><li class=\"blocks-gallery-item\"><figure><img loading=\"lazy\" decoding=\"async\" width=\"1024\" height=\"922\" src=\"https:\/\/kajulacakes.cz\/wp-content\/uploads\/2018\/05\/cupcakes-magna-1024x922.jpg\" alt=\"\" data-id=\"1254\" data-full-url=\"https:\/\/kajulacakes.cz\/wp-content\/uploads\/2018\/05\/cupcakes-magna.jpg\" data-link=\"https:\/\/kajulacakes.cz\/?attachment_id=1254\" class=\"wp-image-1254\" srcset=\"https:\/\/kajulacakes.cz\/wp-content\/uploads\/2018\/05\/cupcakes-magna-1024x922.jpg 1024w, https:\/\/kajulacakes.cz\/wp-content\/uploads\/2018\/05\/cupcakes-magna-300x270.jpg 300w, https:\/\/kajulacakes.cz\/wp-content\/uploads\/2018\/05\/cupcakes-magna-768x692.jpg 768w, https:\/\/kajulacakes.cz\/wp-content\/uploads\/2018\/05\/cupcakes-magna.jpg 1500w\" sizes=\"(max-width: 1024px) 100vw, 1024px\" \/><\/figure><\/li><\/ul><\/figure>\n","protected":false},"excerpt":{"rendered":"","protected":false},"author":1,"featured_media":0,"parent":164,"menu_order":0,"comment_status":"closed","ping_status":"closed","template":"","meta":{"footnotes":""},"_links":{"self":[{"href":"https:\/\/kajulacakes.cz\/index.php?rest_route=\/wp\/v2\/pages\/175"}],"collection":[{"href":"https:\/\/kajulacakes.cz\/index.php?rest_route=\/wp\/v2\/pages"}],"about":[{"href":"https:\/\/kajulacakes.cz\/index.php?rest_route=\/wp\/v2\/types\/page"}],"author":[{"embeddable":true,"href":"https:\/\/kajulacakes.cz\/index.php?rest_route=\/wp\/v2\/users\/1"}],"replies":[{"embeddable":true,"href":"https:\/\/kajulacakes.cz\/index.php?rest_route=%2Fwp%2Fv2%2Fcomments&post=175"}],"version-history":[{"count":16,"href":"https:\/\/kajulacakes.cz\/index.php?rest_route=\/wp\/v2\/pages\/175\/revisions"}],"predecessor-version":[{"id":1781,"href":"https:\/\/kajulacakes.cz\/index.php?rest_route=\/wp\/v2\/pages\/175\/revisions\/1781"}],"up":[{"embeddable":true,"href":"https:\/\/kajulacakes.cz\/index.php?rest_route=\/wp\/v2\/pages\/164"}],"wp:attachment":[{"href":"https:\/\/kajulacakes.cz\/index.php?rest_route=%2Fwp%2Fv2%2Fmedia&parent=175"}],"curies":[{"name":"wp","href":"https:\/\/api.w.org\/{rel}","templated":true}]}}