{"id":164,"date":"2017-12-31T17:02:27","date_gmt":"2017-12-31T17:02:27","guid":{"rendered":"http:\/\/kajulacakes.cz\/?page_id=164"},"modified":"2024-02-11T11:16:12","modified_gmt":"2024-02-11T11:16:12","slug":"galerie","status":"publish","type":"page","link":"https:\/\/kajulacakes.cz\/?page_id=164","title":{"rendered":"Galerie"},"content":{"rendered":"<p><em>Zde mal\u00e1 ochutn\u00e1vka moj\u00ed tvorby, kompletn\u00ed tvorbu pro Va\u0161i inspiraci naleznete na na\u0161em Facebooku <\/em><a href=\"https:\/\/www.facebook.com\/pg\/kajula.cakes\/photos\/?tab=albums\"><img loading=\"lazy\" decoding=\"async\" class=\"alignnone wp-image-433\" src=\"https:\/\/kajulacakes.cz\/wp-content\/uploads\/2018\/01\/391259-facebook-logo.jpg\" alt=\"\" width=\"28\" height=\"28\" srcset=\"https:\/\/kajulacakes.cz\/wp-content\/uploads\/2018\/01\/391259-facebook-logo.jpg 275w, https:\/\/kajulacakes.cz\/wp-content\/uploads\/2018\/01\/391259-facebook-logo-150x150.jpg 150w, https:\/\/kajulacakes.cz\/wp-content\/uploads\/2018\/01\/391259-facebook-logo-60x60.jpg 60w, https:\/\/kajulacakes.cz\/wp-content\/uploads\/2018\/01\/391259-facebook-logo-235x235.jpg 235w, https:\/\/kajulacakes.cz\/wp-content\/uploads\/2018\/01\/391259-facebook-logo-255x255.jpg 255w\" sizes=\"(max-width: 28px) 100vw, 28px\" \/><\/a><\/p>\n<p>P\u0159i v\u00fdrob\u011b dort\u016f pou\u017e\u00edv\u00e1me m\u00e1slo, \u017eivo\u010di\u0161n\u00e9 \u0161leha\u010dky, vejce, d\u017eemy, ovoce a dal\u0161\u00ed tradi\u010dn\u00ed suroviny.<\/p>\n<p><a href=\"https:\/\/kajulacakes.cz\/?page_id=57\">svatebn\u00ed dorty<\/a><\/p>\n<p><a href=\"https:\/\/kajulacakes.cz\/?page_id=375\">dorty pro hol\u010di\u010dky\u00a0<\/a><\/p>\n<p><a href=\"https:\/\/kajulacakes.cz\/?page_id=147\">dorty pro kluky<\/a><\/p>\n<p><a href=\"https:\/\/kajulacakes.cz\/?page_id=95\">firemn\u00ed dorty<\/a><\/p>\n<p><a href=\"https:\/\/kajulacakes.cz\/?page_id=154\">kv\u011btinov\u00e9 dorty<\/a><\/p>\n<p><a href=\"https:\/\/kajulacakes.cz\/?page_id=378\">st\u00e9kan\u00e9 dorty<\/a><\/p>\n<p><a href=\"https:\/\/kajulacakes.cz\/?page_id=60\">3d dorty<\/a><\/p>\n<p><a href=\"https:\/\/kajulacakes.cz\/?page_id=92\">dorty pro nejmen\u0161\u00ed<\/a><\/p>\n<p><a href=\"https:\/\/kajulacakes.cz\/?page_id=162\">\u010dokol\u00e1dov\u00e9 dorty, kr\u00e9mov\u00e9, ovocn\u00e9<\/a><\/p>\n<p><a href=\"https:\/\/kajulacakes.cz\/?page_id=175\">cupcakes<\/a><\/p>\n<p><a href=\"https:\/\/kajulacakes.cz\/?page_id=580&amp;preview=true\">makronky<\/a><\/p>\n<p><a href=\"https:\/\/kajulacakes.cz\/?page_id=794\">ostatn\u00ed\u00a0<\/a><\/p>\n<p><a href=\"https:\/\/kajulacakes.cz\/?page_id=792\">sportovn\u00ed\u00a0<\/a><\/p>\n","protected":false},"excerpt":{"rendered":"<p>Zde mal\u00e1 ochutn\u00e1vka moj\u00ed tvorby, kompletn\u00ed tvorbu pro Va\u0161i inspiraci naleznete na na\u0161em Facebooku P\u0159i v\u00fdrob\u011b dort\u016f pou\u017e\u00edv\u00e1me m\u00e1slo, \u017eivo\u010di\u0161n\u00e9 \u0161leha\u010dky, vejce, d\u017eemy, ovoce a dal\u0161\u00ed tradi\u010dn\u00ed suroviny. svatebn\u00ed dorty dorty pro hol\u010di\u010dky\u00a0 dorty pro kluky firemn\u00ed dorty kv\u011btinov\u00e9 dorty st\u00e9kan\u00e9 dorty 3d dorty dorty pro nejmen\u0161\u00ed \u010dokol\u00e1dov\u00e9 dorty, kr\u00e9mov\u00e9, &hellip; <\/p>\n","protected":false},"author":1,"featured_media":0,"parent":0,"menu_order":0,"comment_status":"closed","ping_status":"closed","template":"","meta":{"footnotes":""},"_links":{"self":[{"href":"https:\/\/kajulacakes.cz\/index.php?rest_route=\/wp\/v2\/pages\/164"}],"collection":[{"href":"https:\/\/kajulacakes.cz\/index.php?rest_route=\/wp\/v2\/pages"}],"about":[{"href":"https:\/\/kajulacakes.cz\/index.php?rest_route=\/wp\/v2\/types\/page"}],"author":[{"embeddable":true,"href":"https:\/\/kajulacakes.cz\/index.php?rest_route=\/wp\/v2\/users\/1"}],"replies":[{"embeddable":true,"href":"https:\/\/kajulacakes.cz\/index.php?rest_route=%2Fwp%2Fv2%2Fcomments&post=164"}],"version-history":[{"count":9,"href":"https:\/\/kajulacakes.cz\/index.php?rest_route=\/wp\/v2\/pages\/164\/revisions"}],"predecessor-version":[{"id":1938,"href":"https:\/\/kajulacakes.cz\/index.php?rest_route=\/wp\/v2\/pages\/164\/revisions\/1938"}],"wp:attachment":[{"href":"https:\/\/kajulacakes.cz\/index.php?rest_route=%2Fwp%2Fv2%2Fmedia&parent=164"}],"curies":[{"name":"wp","href":"https:\/\/api.w.org\/{rel}","templated":true}]}}