{"id":1633,"date":"2020-01-26T16:58:58","date_gmt":"2020-01-26T16:58:58","guid":{"rendered":"http:\/\/kajulacakes.cz\/?page_id=1633"},"modified":"2020-06-20T09:12:36","modified_gmt":"2020-06-20T09:12:36","slug":"ostatni-gdpr-alergeny","status":"publish","type":"page","link":"https:\/\/kajulacakes.cz\/?page_id=1633","title":{"rendered":"Ostatn\u00ed &#8211; GDPR, Alergeny"},"content":{"rendered":"<p style=\"text-align: center;\">GDPR<\/p>\n<h1>Informace o zpracov\u00e1n\u00ed osobn\u00edch \u00fadaj\u016f<\/h1>\n<h2><\/h2>\n<h2>Toto\u017enost a kontaktn\u00ed \u00fadaje spr\u00e1vce<\/h2>\n<ul>\n<li>Spr\u00e1vcem Va\u0161ich osobn\u00edch \u00fadaj\u016f je Karol\u00edna Vesel\u00e1, fyzick\u00e1 osoba podnikaj\u00edc\u00ed dle \u017eivnostensk\u00e9ho z\u00e1kona nezapsan\u00e1 v obchodn\u00edm rejst\u0159\u00edku, se s\u00eddlem Franti\u0161kovsk\u00e1 130, Liberec 3, identifika\u010dn\u00ed \u010d\u00edslo:\u00a0<strong>71205748<\/strong>\u00a0(d\u00e1le jen &#8222;spr\u00e1vce&#8220;).<\/li>\n<li>Kontaktn\u00ed \u00fadaje spr\u00e1vce jsou n\u00e1sleduj\u00edc\u00ed: adresa pro doru\u010dov\u00e1n\u00ed: Franti\u0161kovsk\u00e1 130, Liberec 3, 46003 , adresa elektronick\u00e9 po\u0161ty: kajula.cakes@gmail.com<\/li>\n<li>Spr\u00e1vce nejmenoval pov\u011b\u0159ence pro ochranu osobn\u00edch \u00fadaj\u016f<\/li>\n<\/ul>\n<h2>Z\u00e1konn\u00fd d\u016fvod zpracov\u00e1n\u00ed osobn\u00edch \u00fadaj\u016f<\/h2>\n<ul>\n<li>Z\u00e1konn\u00fdm d\u016fvodem zpracov\u00e1n\u00ed Va\u0161ich osobn\u00edch \u00fadaj\u016f je V\u00e1\u0161 souhlas d\u00e1van\u00fd t\u00edmto spr\u00e1vci ve smyslu \u010dl. 6 odst. 1 p\u00edsm. a) Na\u0159\u00edzen\u00ed Evropsk\u00e9ho parlamentu a Rady 2016\/679 o ochran\u011b fyzick\u00fdch osob v souvislosti se zpracov\u00e1n\u00edm osobn\u00edch \u00fadaj\u016f a o voln\u00e9m pohybu t\u011bchto \u00fadaj\u016f a o zru\u0161en\u00ed sm\u011brnice 95\/46\/ES (obecn\u00e9 na\u0159\u00edzen\u00ed o ochran\u011b osobn\u00edch \u00fadaj\u016f) (d\u00e1le jen &#8222;na\u0159\u00edzen\u00ed&#8220;). \u00da\u010del zpracov\u00e1n\u00ed osobn\u00edch \u00fadaj\u016f<\/li>\n<li>\u00da\u010delem zpracov\u00e1n\u00ed Va\u0161ich osobn\u00edch \u00fadaj\u016f je zas\u00edl\u00e1n\u00ed obchodn\u00edch sd\u011blen\u00ed a \u010din\u011bn\u00ed jin\u00fdch marketingov\u00fdch aktivit spr\u00e1vcem v\u016f\u010di Va\u0161\u00ed osob\u011b.<\/li>\n<li>Ze strany spr\u00e1vce nedoch\u00e1z\u00ed k automatick\u00e9mu individu\u00e1ln\u00edmu rozhodov\u00e1n\u00ed ve smyslu \u010dl. 22 na\u0159\u00edzen\u00ed.<\/li>\n<\/ul>\n<h2>Doba ulo\u017een\u00ed osobn\u00edch \u00fadaj\u016f<\/h2>\n<ul>\n<li>Va\u0161e osobn\u00ed \u00fadaje budou spr\u00e1vcem ulo\u017eeny do doby odvol\u00e1n\u00ed Va\u0161eho souhlasu se zpracov\u00e1n\u00edm osobn\u00edch \u00fadaj\u016f.<\/li>\n<\/ul>\n<h2>Dal\u0161\u00ed p\u0159\u00edjemci osobn\u00edch \u00fadaj\u016f<\/h2>\n<ul>\n<li>P\u0159\u00edjemci Va\u0161ich osobn\u00edch \u00fadaj\u016f budou osoby zaji\u0161\u0165uj\u00edc\u00ed marketingov\u00e9 slu\u017eby pro spr\u00e1vce:\n<ul>\n<li>1. marketingov\u00e9 agentury prov\u00e1d\u011bj\u00edc\u00ed reklamn\u00ed \u010dinnosti pro spr\u00e1vce<\/li>\n<li>2. analytick\u00e9 n\u00e1stroje zpracov\u00e1vaj\u00edc\u00ed anonymizovan\u011b osobn\u00ed \u00fadaje za \u00fa\u010delem zisku statistick\u00fdch \u00fadaj\u016f<\/li>\n<\/ul>\n<\/li>\n<li>Spr\u00e1vce nem\u00e1 v \u00famyslu p\u0159edat Va\u0161e osobn\u00ed \u00fadaje do t\u0159et\u00ed zem\u011b (do zem\u011b mimo EU) nebo mezin\u00e1rodn\u00ed organizaci.<\/li>\n<\/ul>\n<h2>Pr\u00e1va subjektu \u00fadaj\u016f<\/h2>\n<p>Za podm\u00ednek stanoven\u00fdch v na\u0159\u00edzen\u00ed m\u00e1te pr\u00e1vo po\u017eadovat od spr\u00e1vce p\u0159\u00edstup k Va\u0161im osobn\u00edm \u00fadaj\u016fm, pr\u00e1vo na opravu nebo v\u00fdmaz Va\u0161ich osobn\u00edch \u00fadaj\u016f, pop\u0159\u00edpad\u011b omezen\u00ed jejich zpracov\u00e1n\u00ed, pr\u00e1vo vzn\u00e9st n\u00e1mitku proti zpracov\u00e1n\u00ed Va\u0161ich osobn\u00edch \u00fadaj\u016f, a d\u00e1le pr\u00e1vo na p\u0159enositelnost Va\u0161ich osobn\u00edch \u00fadaj\u016f.<\/p>\n<p>M\u00e1te pr\u00e1vo kdykoli odvolat souhlas se zpracov\u00e1n\u00edm Va\u0161ich osobn\u00edch \u00fadaj\u016f dan\u00fd spr\u00e1vci. T\u00edmto v\u0161ak nen\u00ed dot\u010dena z\u00e1konnost zpracov\u00e1n\u00ed Va\u0161ich osobn\u00edch \u00fadaj\u016f p\u0159ed takov\u00fdmto odvol\u00e1n\u00edm souhlasu. V\u00e1\u0161 souhlas se zpracov\u00e1n\u00edm osobn\u00edch \u00fadaj\u016f m\u016f\u017eete odvolat n\u00e1sleduj\u00edc\u00edm zp\u016fsobem: p\u00edsemnou \u017e\u00e1dost\u00ed prost\u0159ednictv\u00edm elektronick\u00e9 po\u0161ty odeslan\u00e9 na kajula.cakes@gmail.com nebo p\u00edsemn\u011b prost\u0159ednictv\u00edm po\u0161tovn\u00edch slu\u017eeb na doru\u010dovac\u00ed adresu uvedenou v\u00fd\u0161e.<\/p>\n<p>Pokud byste se domn\u00edval(a), \u017ee zpracov\u00e1n\u00edm Va\u0161ich osobn\u00edch \u00fadaj\u016f bylo poru\u0161eno \u010di je poru\u0161ov\u00e1no na\u0159\u00edzen\u00ed, m\u00e1te mimo jin\u00e9 pr\u00e1vo podat st\u00ed\u017enost u dozorov\u00e9ho \u00fa\u0159adu. Nem\u00e1te povinnost osobn\u00ed \u00fadaje poskytnout. Poskytnut\u00ed Va\u0161ich osobn\u00edch \u00fadaj\u016f nen\u00ed z\u00e1konn\u00fdm \u010di smluvn\u00edm po\u017eadavkem a ani nen\u00ed po\u017eadavkem, kter\u00fd je nutn\u00fd k uzav\u0159en\u00ed smlouvy.<\/p>\n<p>M\u00e1te kdykoliv pr\u00e1vo vzn\u00e9st n\u00e1mitku proti zpracov\u00e1n\u00ed Va\u0161ich osobn\u00edch \u00fadaj\u016f pro \u00fa\u010dely p\u0159\u00edm\u00e9ho marketingu, v\u010detn\u011b profilov\u00e1n\u00ed, pokud se profilov\u00e1n\u00ed t\u00fdk\u00e1 tohoto p\u0159\u00edm\u00e9ho marketingu.<\/p>\n<p>Pokud vznesete n\u00e1mitku proti zpracov\u00e1n\u00ed Va\u0161ich osobn\u00edch \u00fadaj\u016f pro \u00fa\u010dely p\u0159\u00edm\u00e9ho marketingu, nebudou ji\u017e Va\u0161e osobn\u00ed \u00fadaje pro tyto \u00fa\u010dely d\u00e1le zpracov\u00e1v\u00e1ny.<\/p>\n<p>V Liberci dne 24.5.2018<\/p>\n<p>Alergeny dle P\u0159\u00edlohy II Na\u0159\u00edzen\u00ed Evropsk\u00e9ho Parlamentu a Rady (EU) \u010d. 1169\/2011<\/p>\n<p>&nbsp;<\/p>\n<p><img decoding=\"async\" src=\"https:\/\/dorty-ze-lhuty.webnode.cz\/_files\/200000440-2422b2422e\/700\/94cs_1_big.jpg\" \/><\/p>\n","protected":false},"excerpt":{"rendered":"<p>GDPR Informace o zpracov\u00e1n\u00ed osobn\u00edch \u00fadaj\u016f Toto\u017enost a kontaktn\u00ed \u00fadaje spr\u00e1vce Spr\u00e1vcem Va\u0161ich osobn\u00edch \u00fadaj\u016f je Karol\u00edna Vesel\u00e1, fyzick\u00e1 osoba podnikaj\u00edc\u00ed dle \u017eivnostensk\u00e9ho z\u00e1kona nezapsan\u00e1 v obchodn\u00edm rejst\u0159\u00edku, se s\u00eddlem Franti\u0161kovsk\u00e1 130, Liberec 3, identifika\u010dn\u00ed \u010d\u00edslo:\u00a071205748\u00a0(d\u00e1le jen &#8222;spr\u00e1vce&#8220;). Kontaktn\u00ed \u00fadaje spr\u00e1vce jsou n\u00e1sleduj\u00edc\u00ed: adresa pro doru\u010dov\u00e1n\u00ed: Franti\u0161kovsk\u00e1 130, Liberec 3, &hellip; <\/p>\n","protected":false},"author":1,"featured_media":0,"parent":53,"menu_order":0,"comment_status":"closed","ping_status":"closed","template":"","meta":{"footnotes":""},"_links":{"self":[{"href":"https:\/\/kajulacakes.cz\/index.php?rest_route=\/wp\/v2\/pages\/1633"}],"collection":[{"href":"https:\/\/kajulacakes.cz\/index.php?rest_route=\/wp\/v2\/pages"}],"about":[{"href":"https:\/\/kajulacakes.cz\/index.php?rest_route=\/wp\/v2\/types\/page"}],"author":[{"embeddable":true,"href":"https:\/\/kajulacakes.cz\/index.php?rest_route=\/wp\/v2\/users\/1"}],"replies":[{"embeddable":true,"href":"https:\/\/kajulacakes.cz\/index.php?rest_route=%2Fwp%2Fv2%2Fcomments&post=1633"}],"version-history":[{"count":2,"href":"https:\/\/kajulacakes.cz\/index.php?rest_route=\/wp\/v2\/pages\/1633\/revisions"}],"predecessor-version":[{"id":1642,"href":"https:\/\/kajulacakes.cz\/index.php?rest_route=\/wp\/v2\/pages\/1633\/revisions\/1642"}],"up":[{"embeddable":true,"href":"https:\/\/kajulacakes.cz\/index.php?rest_route=\/wp\/v2\/pages\/53"}],"wp:attachment":[{"href":"https:\/\/kajulacakes.cz\/index.php?rest_route=%2Fwp%2Fv2%2Fmedia&parent=1633"}],"curies":[{"name":"wp","href":"https:\/\/api.w.org\/{rel}","templated":true}]}}