{"id":1623,"date":"2019-08-31T16:45:54","date_gmt":"2019-08-31T16:45:54","guid":{"rendered":"http:\/\/kajulacakes.cz\/?page_id=1623"},"modified":"2020-09-06T07:26:28","modified_gmt":"2020-09-06T07:26:28","slug":"dezerty","status":"publish","type":"page","link":"https:\/\/kajulacakes.cz\/?page_id=1623","title":{"rendered":"Dezerty"},"content":{"rendered":"<p><a href=\"https:\/\/kajulacakes.cz\/wp-content\/uploads\/2019\/08\/tiramisu.jpg\"><img loading=\"lazy\" decoding=\"async\" class=\"alignnone size-medium wp-image-1619\" src=\"https:\/\/kajulacakes.cz\/wp-content\/uploads\/2019\/08\/tiramisu-300x240.jpg\" alt=\"\" width=\"300\" height=\"240\" srcset=\"https:\/\/kajulacakes.cz\/wp-content\/uploads\/2019\/08\/tiramisu-300x240.jpg 300w, https:\/\/kajulacakes.cz\/wp-content\/uploads\/2019\/08\/tiramisu-768x613.jpg 768w, https:\/\/kajulacakes.cz\/wp-content\/uploads\/2019\/08\/tiramisu-1024x818.jpg 1024w, https:\/\/kajulacakes.cz\/wp-content\/uploads\/2019\/08\/tiramisu.jpg 2000w\" sizes=\"(max-width: 300px) 100vw, 300px\" \/><\/a> <a href=\"https:\/\/kajulacakes.cz\/wp-content\/uploads\/2020\/09\/DSC_1855-1-scaled.jpg\"><img loading=\"lazy\" decoding=\"async\" class=\"alignnone size-medium wp-image-1752\" src=\"https:\/\/kajulacakes.cz\/wp-content\/uploads\/2020\/09\/DSC_1855-1-300x201.jpg\" alt=\"\" width=\"300\" height=\"201\" srcset=\"https:\/\/kajulacakes.cz\/wp-content\/uploads\/2020\/09\/DSC_1855-1-300x201.jpg 300w, https:\/\/kajulacakes.cz\/wp-content\/uploads\/2020\/09\/DSC_1855-1-1024x684.jpg 1024w, https:\/\/kajulacakes.cz\/wp-content\/uploads\/2020\/09\/DSC_1855-1-768x513.jpg 768w, https:\/\/kajulacakes.cz\/wp-content\/uploads\/2020\/09\/DSC_1855-1-1536x1027.jpg 1536w, https:\/\/kajulacakes.cz\/wp-content\/uploads\/2020\/09\/DSC_1855-1-2048x1369.jpg 2048w, https:\/\/kajulacakes.cz\/wp-content\/uploads\/2020\/09\/DSC_1855-1-600x400.jpg 600w\" sizes=\"(max-width: 300px) 100vw, 300px\" \/><\/a><a href=\"https:\/\/kajulacakes.cz\/wp-content\/uploads\/2020\/09\/IMG_20200824_150544-scaled.jpg\"><img loading=\"lazy\" decoding=\"async\" class=\"alignnone size-medium wp-image-1767\" src=\"https:\/\/kajulacakes.cz\/wp-content\/uploads\/2020\/09\/IMG_20200824_150544-225x300.jpg\" alt=\"\" width=\"225\" height=\"300\" srcset=\"https:\/\/kajulacakes.cz\/wp-content\/uploads\/2020\/09\/IMG_20200824_150544-225x300.jpg 225w, https:\/\/kajulacakes.cz\/wp-content\/uploads\/2020\/09\/IMG_20200824_150544-768x1024.jpg 768w, https:\/\/kajulacakes.cz\/wp-content\/uploads\/2020\/09\/IMG_20200824_150544-1152x1536.jpg 1152w, https:\/\/kajulacakes.cz\/wp-content\/uploads\/2020\/09\/IMG_20200824_150544-1536x2048.jpg 1536w, https:\/\/kajulacakes.cz\/wp-content\/uploads\/2020\/09\/IMG_20200824_150544-scaled.jpg 1920w\" sizes=\"(max-width: 225px) 100vw, 225px\" \/><\/a><a href=\"https:\/\/kajulacakes.cz\/wp-content\/uploads\/2020\/09\/IMG_20200901_093416-scaled.jpg\"><img loading=\"lazy\" decoding=\"async\" class=\"alignnone size-medium wp-image-1768\" src=\"https:\/\/kajulacakes.cz\/wp-content\/uploads\/2020\/09\/IMG_20200901_093416-300x225.jpg\" alt=\"\" width=\"300\" height=\"225\" srcset=\"https:\/\/kajulacakes.cz\/wp-content\/uploads\/2020\/09\/IMG_20200901_093416-300x225.jpg 300w, https:\/\/kajulacakes.cz\/wp-content\/uploads\/2020\/09\/IMG_20200901_093416-1024x768.jpg 1024w, https:\/\/kajulacakes.cz\/wp-content\/uploads\/2020\/09\/IMG_20200901_093416-768x576.jpg 768w, https:\/\/kajulacakes.cz\/wp-content\/uploads\/2020\/09\/IMG_20200901_093416-1536x1152.jpg 1536w, https:\/\/kajulacakes.cz\/wp-content\/uploads\/2020\/09\/IMG_20200901_093416-2048x1536.jpg 2048w\" sizes=\"(max-width: 300px) 100vw, 300px\" \/><\/a><a href=\"https:\/\/kajulacakes.cz\/wp-content\/uploads\/2020\/09\/IMG_20200708_081706-scaled.jpg\"><img loading=\"lazy\" decoding=\"async\" class=\"alignnone size-medium wp-image-1769\" src=\"https:\/\/kajulacakes.cz\/wp-content\/uploads\/2020\/09\/IMG_20200708_081706-300x225.jpg\" alt=\"\" width=\"300\" height=\"225\" srcset=\"https:\/\/kajulacakes.cz\/wp-content\/uploads\/2020\/09\/IMG_20200708_081706-300x225.jpg 300w, https:\/\/kajulacakes.cz\/wp-content\/uploads\/2020\/09\/IMG_20200708_081706-1024x768.jpg 1024w, https:\/\/kajulacakes.cz\/wp-content\/uploads\/2020\/09\/IMG_20200708_081706-768x576.jpg 768w, https:\/\/kajulacakes.cz\/wp-content\/uploads\/2020\/09\/IMG_20200708_081706-1536x1152.jpg 1536w, https:\/\/kajulacakes.cz\/wp-content\/uploads\/2020\/09\/IMG_20200708_081706-2048x1536.jpg 2048w\" sizes=\"(max-width: 300px) 100vw, 300px\" \/><\/a><a href=\"https:\/\/kajulacakes.cz\/wp-content\/uploads\/2020\/09\/IMG_20200624_112037-scaled.jpg\"><img loading=\"lazy\" decoding=\"async\" class=\"alignnone size-medium wp-image-1754\" src=\"https:\/\/kajulacakes.cz\/wp-content\/uploads\/2020\/09\/IMG_20200624_112037-300x225.jpg\" alt=\"\" width=\"300\" height=\"225\" srcset=\"https:\/\/kajulacakes.cz\/wp-content\/uploads\/2020\/09\/IMG_20200624_112037-300x225.jpg 300w, https:\/\/kajulacakes.cz\/wp-content\/uploads\/2020\/09\/IMG_20200624_112037-1024x768.jpg 1024w, https:\/\/kajulacakes.cz\/wp-content\/uploads\/2020\/09\/IMG_20200624_112037-768x576.jpg 768w, https:\/\/kajulacakes.cz\/wp-content\/uploads\/2020\/09\/IMG_20200624_112037-1536x1152.jpg 1536w, https:\/\/kajulacakes.cz\/wp-content\/uploads\/2020\/09\/IMG_20200624_112037-2048x1536.jpg 2048w\" sizes=\"(max-width: 300px) 100vw, 300px\" \/><\/a> <a href=\"https:\/\/kajulacakes.cz\/wp-content\/uploads\/2020\/09\/IMG_20200513_110347-scaled.jpg\"><img loading=\"lazy\" decoding=\"async\" class=\"alignnone size-medium wp-image-1755\" src=\"https:\/\/kajulacakes.cz\/wp-content\/uploads\/2020\/09\/IMG_20200513_110347-300x225.jpg\" alt=\"\" width=\"300\" height=\"225\" srcset=\"https:\/\/kajulacakes.cz\/wp-content\/uploads\/2020\/09\/IMG_20200513_110347-300x225.jpg 300w, https:\/\/kajulacakes.cz\/wp-content\/uploads\/2020\/09\/IMG_20200513_110347-1024x768.jpg 1024w, https:\/\/kajulacakes.cz\/wp-content\/uploads\/2020\/09\/IMG_20200513_110347-768x576.jpg 768w, https:\/\/kajulacakes.cz\/wp-content\/uploads\/2020\/09\/IMG_20200513_110347-1536x1152.jpg 1536w, https:\/\/kajulacakes.cz\/wp-content\/uploads\/2020\/09\/IMG_20200513_110347-2048x1536.jpg 2048w\" sizes=\"(max-width: 300px) 100vw, 300px\" \/><\/a> <a href=\"https:\/\/kajulacakes.cz\/wp-content\/uploads\/2020\/09\/BeautyPlus_20200904193934623_save.jpg\"><img loading=\"lazy\" decoding=\"async\" class=\"alignnone size-medium wp-image-1756\" src=\"https:\/\/kajulacakes.cz\/wp-content\/uploads\/2020\/09\/BeautyPlus_20200904193934623_save-225x300.jpg\" alt=\"\" width=\"225\" height=\"300\" srcset=\"https:\/\/kajulacakes.cz\/wp-content\/uploads\/2020\/09\/BeautyPlus_20200904193934623_save-225x300.jpg 225w, https:\/\/kajulacakes.cz\/wp-content\/uploads\/2020\/09\/BeautyPlus_20200904193934623_save.jpg 720w\" sizes=\"(max-width: 225px) 100vw, 225px\" \/><\/a> <a href=\"https:\/\/kajulacakes.cz\/wp-content\/uploads\/2020\/09\/IMG_20200825_080502-scaled.jpg\"><img loading=\"lazy\" decoding=\"async\" class=\"alignnone size-medium wp-image-1757\" src=\"https:\/\/kajulacakes.cz\/wp-content\/uploads\/2020\/09\/IMG_20200825_080502-225x300.jpg\" alt=\"\" width=\"225\" height=\"300\" srcset=\"https:\/\/kajulacakes.cz\/wp-content\/uploads\/2020\/09\/IMG_20200825_080502-225x300.jpg 225w, https:\/\/kajulacakes.cz\/wp-content\/uploads\/2020\/09\/IMG_20200825_080502-768x1024.jpg 768w, https:\/\/kajulacakes.cz\/wp-content\/uploads\/2020\/09\/IMG_20200825_080502-1152x1536.jpg 1152w, https:\/\/kajulacakes.cz\/wp-content\/uploads\/2020\/09\/IMG_20200825_080502-1536x2048.jpg 1536w, https:\/\/kajulacakes.cz\/wp-content\/uploads\/2020\/09\/IMG_20200825_080502-scaled.jpg 1920w\" sizes=\"(max-width: 225px) 100vw, 225px\" \/><\/a> <a href=\"https:\/\/kajulacakes.cz\/wp-content\/uploads\/2020\/09\/IMG_20200825_082512-scaled.jpg\"><img loading=\"lazy\" decoding=\"async\" class=\"alignnone size-medium wp-image-1758\" src=\"https:\/\/kajulacakes.cz\/wp-content\/uploads\/2020\/09\/IMG_20200825_082512-225x300.jpg\" alt=\"\" width=\"225\" height=\"300\" srcset=\"https:\/\/kajulacakes.cz\/wp-content\/uploads\/2020\/09\/IMG_20200825_082512-225x300.jpg 225w, https:\/\/kajulacakes.cz\/wp-content\/uploads\/2020\/09\/IMG_20200825_082512-768x1024.jpg 768w, https:\/\/kajulacakes.cz\/wp-content\/uploads\/2020\/09\/IMG_20200825_082512-1152x1536.jpg 1152w, https:\/\/kajulacakes.cz\/wp-content\/uploads\/2020\/09\/IMG_20200825_082512-1536x2048.jpg 1536w, https:\/\/kajulacakes.cz\/wp-content\/uploads\/2020\/09\/IMG_20200825_082512-scaled.jpg 1920w\" sizes=\"(max-width: 225px) 100vw, 225px\" \/><\/a> <a href=\"https:\/\/kajulacakes.cz\/wp-content\/uploads\/2020\/09\/IMG_20200826_092621-scaled.jpg\"><img loading=\"lazy\" decoding=\"async\" class=\"alignnone size-medium wp-image-1759\" src=\"https:\/\/kajulacakes.cz\/wp-content\/uploads\/2020\/09\/IMG_20200826_092621-225x300.jpg\" alt=\"\" width=\"225\" height=\"300\" srcset=\"https:\/\/kajulacakes.cz\/wp-content\/uploads\/2020\/09\/IMG_20200826_092621-225x300.jpg 225w, https:\/\/kajulacakes.cz\/wp-content\/uploads\/2020\/09\/IMG_20200826_092621-768x1024.jpg 768w, https:\/\/kajulacakes.cz\/wp-content\/uploads\/2020\/09\/IMG_20200826_092621-1152x1536.jpg 1152w, https:\/\/kajulacakes.cz\/wp-content\/uploads\/2020\/09\/IMG_20200826_092621-1536x2048.jpg 1536w, https:\/\/kajulacakes.cz\/wp-content\/uploads\/2020\/09\/IMG_20200826_092621-scaled.jpg 1920w\" sizes=\"(max-width: 225px) 100vw, 225px\" \/><\/a> <a href=\"https:\/\/kajulacakes.cz\/wp-content\/uploads\/2020\/09\/IMG_20200818_092847-scaled.jpg\"><img loading=\"lazy\" decoding=\"async\" class=\"alignnone size-medium wp-image-1760\" src=\"https:\/\/kajulacakes.cz\/wp-content\/uploads\/2020\/09\/IMG_20200818_092847-225x300.jpg\" alt=\"\" width=\"225\" height=\"300\" srcset=\"https:\/\/kajulacakes.cz\/wp-content\/uploads\/2020\/09\/IMG_20200818_092847-225x300.jpg 225w, https:\/\/kajulacakes.cz\/wp-content\/uploads\/2020\/09\/IMG_20200818_092847-768x1024.jpg 768w, https:\/\/kajulacakes.cz\/wp-content\/uploads\/2020\/09\/IMG_20200818_092847-1152x1536.jpg 1152w, https:\/\/kajulacakes.cz\/wp-content\/uploads\/2020\/09\/IMG_20200818_092847-1536x2048.jpg 1536w, https:\/\/kajulacakes.cz\/wp-content\/uploads\/2020\/09\/IMG_20200818_092847-scaled.jpg 1920w\" sizes=\"(max-width: 225px) 100vw, 225px\" \/><\/a> <a href=\"https:\/\/kajulacakes.cz\/wp-content\/uploads\/2020\/09\/IMG_20200723_082749-scaled.jpg\"><img loading=\"lazy\" decoding=\"async\" class=\"alignnone size-medium wp-image-1761\" src=\"https:\/\/kajulacakes.cz\/wp-content\/uploads\/2020\/09\/IMG_20200723_082749-225x300.jpg\" alt=\"\" width=\"225\" height=\"300\" srcset=\"https:\/\/kajulacakes.cz\/wp-content\/uploads\/2020\/09\/IMG_20200723_082749-225x300.jpg 225w, https:\/\/kajulacakes.cz\/wp-content\/uploads\/2020\/09\/IMG_20200723_082749-768x1024.jpg 768w, https:\/\/kajulacakes.cz\/wp-content\/uploads\/2020\/09\/IMG_20200723_082749-1152x1536.jpg 1152w, https:\/\/kajulacakes.cz\/wp-content\/uploads\/2020\/09\/IMG_20200723_082749-1536x2048.jpg 1536w, https:\/\/kajulacakes.cz\/wp-content\/uploads\/2020\/09\/IMG_20200723_082749-scaled.jpg 1920w\" sizes=\"(max-width: 225px) 100vw, 225px\" \/><\/a> <a href=\"https:\/\/kajulacakes.cz\/wp-content\/uploads\/2020\/09\/IMG_20200722_093709-scaled.jpg\"><img loading=\"lazy\" decoding=\"async\" class=\"alignnone size-medium wp-image-1762\" src=\"https:\/\/kajulacakes.cz\/wp-content\/uploads\/2020\/09\/IMG_20200722_093709-300x225.jpg\" alt=\"\" width=\"300\" height=\"225\" srcset=\"https:\/\/kajulacakes.cz\/wp-content\/uploads\/2020\/09\/IMG_20200722_093709-300x225.jpg 300w, https:\/\/kajulacakes.cz\/wp-content\/uploads\/2020\/09\/IMG_20200722_093709-1024x768.jpg 1024w, https:\/\/kajulacakes.cz\/wp-content\/uploads\/2020\/09\/IMG_20200722_093709-768x576.jpg 768w, https:\/\/kajulacakes.cz\/wp-content\/uploads\/2020\/09\/IMG_20200722_093709-1536x1152.jpg 1536w, https:\/\/kajulacakes.cz\/wp-content\/uploads\/2020\/09\/IMG_20200722_093709-2048x1536.jpg 2048w\" sizes=\"(max-width: 300px) 100vw, 300px\" \/><\/a> <a href=\"https:\/\/kajulacakes.cz\/wp-content\/uploads\/2020\/09\/IMG_20200701_095734-scaled.jpg\"><img loading=\"lazy\" decoding=\"async\" class=\"alignnone size-medium wp-image-1763\" src=\"https:\/\/kajulacakes.cz\/wp-content\/uploads\/2020\/09\/IMG_20200701_095734-300x225.jpg\" alt=\"\" width=\"300\" height=\"225\" srcset=\"https:\/\/kajulacakes.cz\/wp-content\/uploads\/2020\/09\/IMG_20200701_095734-300x225.jpg 300w, https:\/\/kajulacakes.cz\/wp-content\/uploads\/2020\/09\/IMG_20200701_095734-1024x768.jpg 1024w, https:\/\/kajulacakes.cz\/wp-content\/uploads\/2020\/09\/IMG_20200701_095734-768x576.jpg 768w, https:\/\/kajulacakes.cz\/wp-content\/uploads\/2020\/09\/IMG_20200701_095734-1536x1152.jpg 1536w, https:\/\/kajulacakes.cz\/wp-content\/uploads\/2020\/09\/IMG_20200701_095734-2048x1536.jpg 2048w\" sizes=\"(max-width: 300px) 100vw, 300px\" \/><\/a> <a href=\"https:\/\/kajulacakes.cz\/wp-content\/uploads\/2020\/09\/BeautyPlus_20200717172215979_save.jpg\"><img loading=\"lazy\" decoding=\"async\" class=\"alignnone size-medium wp-image-1764\" src=\"https:\/\/kajulacakes.cz\/wp-content\/uploads\/2020\/09\/BeautyPlus_20200717172215979_save-300x225.jpg\" alt=\"\" width=\"300\" height=\"225\" srcset=\"https:\/\/kajulacakes.cz\/wp-content\/uploads\/2020\/09\/BeautyPlus_20200717172215979_save-300x225.jpg 300w, https:\/\/kajulacakes.cz\/wp-content\/uploads\/2020\/09\/BeautyPlus_20200717172215979_save-1024x768.jpg 1024w, https:\/\/kajulacakes.cz\/wp-content\/uploads\/2020\/09\/BeautyPlus_20200717172215979_save-768x576.jpg 768w, https:\/\/kajulacakes.cz\/wp-content\/uploads\/2020\/09\/BeautyPlus_20200717172215979_save-1536x1152.jpg 1536w, https:\/\/kajulacakes.cz\/wp-content\/uploads\/2020\/09\/BeautyPlus_20200717172215979_save.jpg 1920w\" sizes=\"(max-width: 300px) 100vw, 300px\" \/><\/a> <a href=\"https:\/\/kajulacakes.cz\/wp-content\/uploads\/2020\/09\/BeautyPlus_20200626193305571_save.jpg\"><img loading=\"lazy\" decoding=\"async\" class=\"alignnone size-medium wp-image-1765\" src=\"https:\/\/kajulacakes.cz\/wp-content\/uploads\/2020\/09\/BeautyPlus_20200626193305571_save-225x300.jpg\" alt=\"\" width=\"225\" height=\"300\" srcset=\"https:\/\/kajulacakes.cz\/wp-content\/uploads\/2020\/09\/BeautyPlus_20200626193305571_save-225x300.jpg 225w, https:\/\/kajulacakes.cz\/wp-content\/uploads\/2020\/09\/BeautyPlus_20200626193305571_save-768x1024.jpg 768w, https:\/\/kajulacakes.cz\/wp-content\/uploads\/2020\/09\/BeautyPlus_20200626193305571_save-1152x1536.jpg 1152w, https:\/\/kajulacakes.cz\/wp-content\/uploads\/2020\/09\/BeautyPlus_20200626193305571_save.jpg 1440w\" sizes=\"(max-width: 225px) 100vw, 225px\" \/><\/a> <a href=\"https:\/\/kajulacakes.cz\/wp-content\/uploads\/2020\/09\/IMG_20200623_072703-scaled.jpg\"><img loading=\"lazy\" decoding=\"async\" class=\"alignnone size-medium wp-image-1766\" src=\"https:\/\/kajulacakes.cz\/wp-content\/uploads\/2020\/09\/IMG_20200623_072703-225x300.jpg\" alt=\"\" width=\"225\" height=\"300\" srcset=\"https:\/\/kajulacakes.cz\/wp-content\/uploads\/2020\/09\/IMG_20200623_072703-225x300.jpg 225w, https:\/\/kajulacakes.cz\/wp-content\/uploads\/2020\/09\/IMG_20200623_072703-768x1024.jpg 768w, https:\/\/kajulacakes.cz\/wp-content\/uploads\/2020\/09\/IMG_20200623_072703-1152x1536.jpg 1152w, https:\/\/kajulacakes.cz\/wp-content\/uploads\/2020\/09\/IMG_20200623_072703-1536x2048.jpg 1536w, https:\/\/kajulacakes.cz\/wp-content\/uploads\/2020\/09\/IMG_20200623_072703-scaled.jpg 1920w\" sizes=\"(max-width: 225px) 100vw, 225px\" \/><\/a><a href=\"https:\/\/kajulacakes.cz\/wp-content\/uploads\/2019\/08\/panacota-mango.jpg\"><img loading=\"lazy\" decoding=\"async\" class=\"alignnone size-medium wp-image-1608\" src=\"https:\/\/kajulacakes.cz\/wp-content\/uploads\/2019\/08\/panacota-mango-300x225.jpg\" alt=\"\" width=\"300\" height=\"225\" srcset=\"https:\/\/kajulacakes.cz\/wp-content\/uploads\/2019\/08\/panacota-mango-300x225.jpg 300w, https:\/\/kajulacakes.cz\/wp-content\/uploads\/2019\/08\/panacota-mango-768x576.jpg 768w, https:\/\/kajulacakes.cz\/wp-content\/uploads\/2019\/08\/panacota-mango-1024x768.jpg 1024w, https:\/\/kajulacakes.cz\/wp-content\/uploads\/2019\/08\/panacota-mango.jpg 2000w\" sizes=\"(max-width: 300px) 100vw, 300px\" \/><\/a> <a href=\"https:\/\/kajulacakes.cz\/wp-content\/uploads\/2019\/08\/panacota-malina-boruvka.jpg\"><img loading=\"lazy\" decoding=\"async\" class=\"alignnone size-medium wp-image-1607\" src=\"https:\/\/kajulacakes.cz\/wp-content\/uploads\/2019\/08\/panacota-malina-boruvka-300x241.jpg\" alt=\"\" width=\"300\" height=\"241\" srcset=\"https:\/\/kajulacakes.cz\/wp-content\/uploads\/2019\/08\/panacota-malina-boruvka-300x241.jpg 300w, https:\/\/kajulacakes.cz\/wp-content\/uploads\/2019\/08\/panacota-malina-boruvka-768x616.jpg 768w, https:\/\/kajulacakes.cz\/wp-content\/uploads\/2019\/08\/panacota-malina-boruvka-1024x821.jpg 1024w, https:\/\/kajulacakes.cz\/wp-content\/uploads\/2019\/08\/panacota-malina-boruvka.jpg 2000w\" sizes=\"(max-width: 300px) 100vw, 300px\" \/><\/a> <a href=\"https:\/\/kajulacakes.cz\/wp-content\/uploads\/2019\/08\/kavov\u00fd-dort\u00ed\u010dek.jpg\"><img loading=\"lazy\" decoding=\"async\" class=\"alignnone size-medium wp-image-1586\" src=\"https:\/\/kajulacakes.cz\/wp-content\/uploads\/2019\/08\/kavov\u00fd-dort\u00ed\u010dek-300x225.jpg\" alt=\"\" width=\"300\" height=\"225\" srcset=\"https:\/\/kajulacakes.cz\/wp-content\/uploads\/2019\/08\/kavov\u00fd-dort\u00ed\u010dek-300x225.jpg 300w, https:\/\/kajulacakes.cz\/wp-content\/uploads\/2019\/08\/kavov\u00fd-dort\u00ed\u010dek-768x576.jpg 768w, https:\/\/kajulacakes.cz\/wp-content\/uploads\/2019\/08\/kavov\u00fd-dort\u00ed\u010dek-1024x768.jpg 1024w, https:\/\/kajulacakes.cz\/wp-content\/uploads\/2019\/08\/kavov\u00fd-dort\u00ed\u010dek.jpg 2000w\" sizes=\"(max-width: 300px) 100vw, 300px\" \/><\/a> <a href=\"https:\/\/kajulacakes.cz\/wp-content\/uploads\/2019\/08\/lineck\u00e9-dorticky.jpg\"><img loading=\"lazy\" decoding=\"async\" class=\"alignnone size-medium wp-image-1588\" src=\"https:\/\/kajulacakes.cz\/wp-content\/uploads\/2019\/08\/lineck\u00e9-dorticky-300x225.jpg\" alt=\"\" width=\"300\" height=\"225\" srcset=\"https:\/\/kajulacakes.cz\/wp-content\/uploads\/2019\/08\/lineck\u00e9-dorticky-300x225.jpg 300w, https:\/\/kajulacakes.cz\/wp-content\/uploads\/2019\/08\/lineck\u00e9-dorticky-768x576.jpg 768w, https:\/\/kajulacakes.cz\/wp-content\/uploads\/2019\/08\/lineck\u00e9-dorticky-1024x768.jpg 1024w, https:\/\/kajulacakes.cz\/wp-content\/uploads\/2019\/08\/lineck\u00e9-dorticky.jpg 2000w\" sizes=\"(max-width: 300px) 100vw, 300px\" \/><\/a> <a href=\"https:\/\/kajulacakes.cz\/wp-content\/uploads\/2019\/08\/medovn\u00ed\u010dky.jpg\"><img loading=\"lazy\" decoding=\"async\" class=\"alignnone size-medium wp-image-1592\" src=\"https:\/\/kajulacakes.cz\/wp-content\/uploads\/2019\/08\/medovn\u00ed\u010dky-300x225.jpg\" alt=\"\" width=\"300\" height=\"225\" srcset=\"https:\/\/kajulacakes.cz\/wp-content\/uploads\/2019\/08\/medovn\u00ed\u010dky-300x225.jpg 300w, https:\/\/kajulacakes.cz\/wp-content\/uploads\/2019\/08\/medovn\u00ed\u010dky-768x576.jpg 768w, https:\/\/kajulacakes.cz\/wp-content\/uploads\/2019\/08\/medovn\u00ed\u010dky-1024x768.jpg 1024w, https:\/\/kajulacakes.cz\/wp-content\/uploads\/2019\/08\/medovn\u00ed\u010dky.jpg 2000w\" sizes=\"(max-width: 300px) 100vw, 300px\" \/><\/a><\/p>\n","protected":false},"excerpt":{"rendered":"","protected":false},"author":1,"featured_media":0,"parent":164,"menu_order":0,"comment_status":"closed","ping_status":"closed","template":"","meta":{"footnotes":""},"_links":{"self":[{"href":"https:\/\/kajulacakes.cz\/index.php?rest_route=\/wp\/v2\/pages\/1623"}],"collection":[{"href":"https:\/\/kajulacakes.cz\/index.php?rest_route=\/wp\/v2\/pages"}],"about":[{"href":"https:\/\/kajulacakes.cz\/index.php?rest_route=\/wp\/v2\/types\/page"}],"author":[{"embeddable":true,"href":"https:\/\/kajulacakes.cz\/index.php?rest_route=\/wp\/v2\/users\/1"}],"replies":[{"embeddable":true,"href":"https:\/\/kajulacakes.cz\/index.php?rest_route=%2Fwp%2Fv2%2Fcomments&post=1623"}],"version-history":[{"count":5,"href":"https:\/\/kajulacakes.cz\/index.php?rest_route=\/wp\/v2\/pages\/1623\/revisions"}],"predecessor-version":[{"id":1850,"href":"https:\/\/kajulacakes.cz\/index.php?rest_route=\/wp\/v2\/pages\/1623\/revisions\/1850"}],"up":[{"embeddable":true,"href":"https:\/\/kajulacakes.cz\/index.php?rest_route=\/wp\/v2\/pages\/164"}],"wp:attachment":[{"href":"https:\/\/kajulacakes.cz\/index.php?rest_route=%2Fwp%2Fv2%2Fmedia&parent=1623"}],"curies":[{"name":"wp","href":"https:\/\/api.w.org\/{rel}","templated":true}]}}